{"id":1099,"date":"2025-10-04T10:48:00","date_gmt":"2025-10-04T10:48:00","guid":{"rendered":"https:\/\/horokorva.fi\/?page_id=1099"},"modified":"2026-04-14T07:47:51","modified_gmt":"2026-04-14T07:47:51","slug":"pentukori","status":"publish","type":"page","link":"https:\/\/horokorva.fi\/index.php\/pentukori\/","title":{"rendered":"Pentukori"},"content":{"rendered":"\n<h2 class=\"wp-block-heading has-text-align-center\"><strong>Pentukori<\/strong><\/h2>\n\n\n\n<p><\/p>\n\n\n\n<p class=\"has-text-align-center\" style=\"margin-top:var(--wp--preset--spacing--20);margin-bottom:var(--wp--preset--spacing--20);font-size:15px\">Kapteeni-pentue syntynyt 16.3 yhdistelm\u00e4st\u00e4<\/p>\n\n\n\n<div class=\"wp-block-group\"><div class=\"wp-block-group__inner-container is-layout-constrained wp-block-group-is-layout-constrained\">\n<p class=\"has-text-align-center\" style=\"margin-top:var(--wp--preset--spacing--20);margin-bottom:var(--wp--preset--spacing--20);font-size:15px\"><br>FI*H\u00f6r\u00f6korva -Anna, OLH q 03 25, aka\u00a0<a href=\"https:\/\/horokorva.fi\/index.php\/anna\/\" data-type=\"page\" data-id=\"500\">Anna<\/a><br>&amp;<br>SE* Torparkattens Cappuccino, OSH b 22, aka\u00a0<a href=\"https:\/\/horokorva.fi\/index.php\/kaapo\/\" data-type=\"page\" data-id=\"505\">Kaapo<\/a><br><br><strong>JOS OLET KIINNOSTUNUT PENNUISTA, LAITA S\u00c4HK\u00d6POSTIA!<\/strong><br><br><br><br><\/p>\n\n\n\n<div class=\"wp-block-group\"><div class=\"wp-block-group__inner-container is-layout-constrained wp-block-group-is-layout-constrained\">\n<p class=\"has-text-align-center\"><strong>FI*H\u00f6r\u00f6korva Cpt. Jack, &#8221;Jaakko&#8221;<\/strong><br>OSH d 25 <br>Punatiketti it\u00e4mainen lyhytkarva variantti<\/p>\n\n\n\n<figure class=\"wp-block-gallery has-nested-images columns-default is-cropped wp-block-gallery-1 is-layout-flex wp-block-gallery-is-layout-flex\">\n<figure class=\"wp-block-image size-large\"><img loading=\"lazy\" decoding=\"async\" width=\"748\" height=\"1024\" data-id=\"1367\" src=\"https:\/\/horokorva.fi\/wp-content\/uploads\/2026\/04\/jack1vko3-748x1024.jpg\" alt=\"\" class=\"wp-image-1367\" srcset=\"https:\/\/horokorva.fi\/wp-content\/uploads\/2026\/04\/jack1vko3-748x1024.jpg 748w, https:\/\/horokorva.fi\/wp-content\/uploads\/2026\/04\/jack1vko3-219x300.jpg 219w, https:\/\/horokorva.fi\/wp-content\/uploads\/2026\/04\/jack1vko3-768x1051.jpg 768w, https:\/\/horokorva.fi\/wp-content\/uploads\/2026\/04\/jack1vko3-1122x1536.jpg 1122w, https:\/\/horokorva.fi\/wp-content\/uploads\/2026\/04\/jack1vko3.jpg 1496w\" sizes=\"auto, (max-width: 748px) 100vw, 748px\" \/><figcaption class=\"wp-element-caption\">1vko<\/figcaption><\/figure>\n\n\n\n<figure class=\"wp-block-image size-large is-style-default\"><img loading=\"lazy\" decoding=\"async\" width=\"1024\" height=\"892\" data-id=\"1342\" src=\"https:\/\/horokorva.fi\/wp-content\/uploads\/2026\/04\/jack2vko-1024x892.jpeg\" alt=\"\" class=\"wp-image-1342\" srcset=\"https:\/\/horokorva.fi\/wp-content\/uploads\/2026\/04\/jack2vko-1024x892.jpeg 1024w, https:\/\/horokorva.fi\/wp-content\/uploads\/2026\/04\/jack2vko-300x261.jpeg 300w, https:\/\/horokorva.fi\/wp-content\/uploads\/2026\/04\/jack2vko-768x669.jpeg 768w, https:\/\/horokorva.fi\/wp-content\/uploads\/2026\/04\/jack2vko-1536x1338.jpeg 1536w, https:\/\/horokorva.fi\/wp-content\/uploads\/2026\/04\/jack2vko.jpeg 2048w\" sizes=\"auto, (max-width: 1024px) 100vw, 1024px\" \/><figcaption class=\"wp-element-caption\">2vko<\/figcaption><\/figure>\n\n\n\n<figure class=\"wp-block-image size-large\"><img loading=\"lazy\" decoding=\"async\" width=\"793\" height=\"1024\" data-id=\"1373\" src=\"https:\/\/horokorva.fi\/wp-content\/uploads\/2026\/04\/Jack3vko-793x1024.jpeg\" alt=\"\" class=\"wp-image-1373\" srcset=\"https:\/\/horokorva.fi\/wp-content\/uploads\/2026\/04\/Jack3vko-793x1024.jpeg 793w, https:\/\/horokorva.fi\/wp-content\/uploads\/2026\/04\/Jack3vko-232x300.jpeg 232w, https:\/\/horokorva.fi\/wp-content\/uploads\/2026\/04\/Jack3vko-768x992.jpeg 768w, https:\/\/horokorva.fi\/wp-content\/uploads\/2026\/04\/Jack3vko-1190x1536.jpeg 1190w, https:\/\/horokorva.fi\/wp-content\/uploads\/2026\/04\/Jack3vko.jpeg 1586w\" sizes=\"auto, (max-width: 793px) 100vw, 793px\" \/><figcaption class=\"wp-element-caption\">3 vko<\/figcaption><\/figure>\n\n\n\n<figure class=\"wp-block-image size-large\"><img loading=\"lazy\" decoding=\"async\" width=\"891\" height=\"1024\" data-id=\"1383\" src=\"https:\/\/horokorva.fi\/wp-content\/uploads\/2026\/04\/Jack4vko-1-891x1024.jpg\" alt=\"\" class=\"wp-image-1383\" srcset=\"https:\/\/horokorva.fi\/wp-content\/uploads\/2026\/04\/Jack4vko-1-891x1024.jpg 891w, https:\/\/horokorva.fi\/wp-content\/uploads\/2026\/04\/Jack4vko-1-261x300.jpg 261w, https:\/\/horokorva.fi\/wp-content\/uploads\/2026\/04\/Jack4vko-1-768x883.jpg 768w, https:\/\/horokorva.fi\/wp-content\/uploads\/2026\/04\/Jack4vko-1-1337x1536.jpg 1337w, https:\/\/horokorva.fi\/wp-content\/uploads\/2026\/04\/Jack4vko-1.jpg 1782w\" sizes=\"auto, (max-width: 891px) 100vw, 891px\" \/><figcaption class=\"wp-element-caption\">4vko<\/figcaption><\/figure>\n<\/figure>\n<\/div><\/div>\n<\/div><\/div>\n\n\n\n<hr class=\"wp-block-separator has-alpha-channel-opacity\"\/>\n\n\n\n<p class=\"has-text-align-center\"><br><strong>FI*H\u00f6r\u00f6korva Cpt. Kirk, &#8221;Sinikka&#8221;<\/strong><br>OLH d 22 (lempinimest\u00e4\u00e4n huolimatta uros)<br>Punainen klassinen tabby it\u00e4mainen pitk\u00e4karva<\/p>\n\n\n\n<figure class=\"wp-block-gallery has-nested-images columns-default is-cropped wp-block-gallery-2 is-layout-flex wp-block-gallery-is-layout-flex\">\n<figure class=\"wp-block-image size-large\"><img loading=\"lazy\" decoding=\"async\" width=\"881\" height=\"1024\" data-id=\"1329\" src=\"https:\/\/horokorva.fi\/wp-content\/uploads\/2026\/03\/Kirk1vko-881x1024.jpg\" alt=\"\" class=\"wp-image-1329\" srcset=\"https:\/\/horokorva.fi\/wp-content\/uploads\/2026\/03\/Kirk1vko-881x1024.jpg 881w, https:\/\/horokorva.fi\/wp-content\/uploads\/2026\/03\/Kirk1vko-258x300.jpg 258w, https:\/\/horokorva.fi\/wp-content\/uploads\/2026\/03\/Kirk1vko-768x893.jpg 768w, https:\/\/horokorva.fi\/wp-content\/uploads\/2026\/03\/Kirk1vko-1322x1536.jpg 1322w, https:\/\/horokorva.fi\/wp-content\/uploads\/2026\/03\/Kirk1vko.jpg 1762w\" sizes=\"auto, (max-width: 881px) 100vw, 881px\" \/><figcaption class=\"wp-element-caption\">1vko<\/figcaption><\/figure>\n\n\n\n<figure class=\"wp-block-image size-large\"><img loading=\"lazy\" decoding=\"async\" width=\"774\" height=\"1024\" data-id=\"1343\" src=\"https:\/\/horokorva.fi\/wp-content\/uploads\/2026\/04\/kirk2vko-774x1024.jpeg\" alt=\"\" class=\"wp-image-1343\" srcset=\"https:\/\/horokorva.fi\/wp-content\/uploads\/2026\/04\/kirk2vko-774x1024.jpeg 774w, https:\/\/horokorva.fi\/wp-content\/uploads\/2026\/04\/kirk2vko-227x300.jpeg 227w, https:\/\/horokorva.fi\/wp-content\/uploads\/2026\/04\/kirk2vko-768x1016.jpeg 768w, https:\/\/horokorva.fi\/wp-content\/uploads\/2026\/04\/kirk2vko-1161x1536.jpeg 1161w, https:\/\/horokorva.fi\/wp-content\/uploads\/2026\/04\/kirk2vko.jpeg 1548w\" sizes=\"auto, (max-width: 774px) 100vw, 774px\" \/><figcaption class=\"wp-element-caption\">2vko<\/figcaption><\/figure>\n\n\n\n<figure class=\"wp-block-image size-large\"><img loading=\"lazy\" decoding=\"async\" width=\"982\" height=\"1024\" data-id=\"1376\" src=\"https:\/\/horokorva.fi\/wp-content\/uploads\/2026\/04\/Kirk3vko-1-982x1024.jpeg\" alt=\"\" class=\"wp-image-1376\" srcset=\"https:\/\/horokorva.fi\/wp-content\/uploads\/2026\/04\/Kirk3vko-1-982x1024.jpeg 982w, https:\/\/horokorva.fi\/wp-content\/uploads\/2026\/04\/Kirk3vko-1-288x300.jpeg 288w, https:\/\/horokorva.fi\/wp-content\/uploads\/2026\/04\/Kirk3vko-1-768x801.jpeg 768w, https:\/\/horokorva.fi\/wp-content\/uploads\/2026\/04\/Kirk3vko-1-1473x1536.jpeg 1473w, https:\/\/horokorva.fi\/wp-content\/uploads\/2026\/04\/Kirk3vko-1.jpeg 1964w\" sizes=\"auto, (max-width: 982px) 100vw, 982px\" \/><figcaption class=\"wp-element-caption\">3vko<\/figcaption><\/figure>\n\n\n\n<figure class=\"wp-block-image size-large\"><img loading=\"lazy\" decoding=\"async\" width=\"782\" height=\"1024\" data-id=\"1384\" src=\"https:\/\/horokorva.fi\/wp-content\/uploads\/2026\/04\/Kirk4vko-782x1024.jpg\" alt=\"\" class=\"wp-image-1384\" srcset=\"https:\/\/horokorva.fi\/wp-content\/uploads\/2026\/04\/Kirk4vko-782x1024.jpg 782w, https:\/\/horokorva.fi\/wp-content\/uploads\/2026\/04\/Kirk4vko-229x300.jpg 229w, https:\/\/horokorva.fi\/wp-content\/uploads\/2026\/04\/Kirk4vko-768x1006.jpg 768w, https:\/\/horokorva.fi\/wp-content\/uploads\/2026\/04\/Kirk4vko-1173x1536.jpg 1173w, https:\/\/horokorva.fi\/wp-content\/uploads\/2026\/04\/Kirk4vko.jpg 1564w\" sizes=\"auto, (max-width: 782px) 100vw, 782px\" \/><figcaption class=\"wp-element-caption\">4vko<\/figcaption><\/figure>\n<\/figure>\n\n\n\n<hr class=\"wp-block-separator has-alpha-channel-opacity\"\/>\n\n\n\n<p class=\"has-text-align-center\"><br><strong>FI*H\u00f6r\u00f6korva Cpt. Morgan, &#8221;Morris&#8221;<\/strong><br>OSH d 25<br>Punatiketti it\u00e4mainen lyhytkarva, variantti<\/p>\n\n\n\n<figure class=\"wp-block-gallery has-nested-images columns-default is-cropped wp-block-gallery-3 is-layout-flex wp-block-gallery-is-layout-flex\">\n<figure class=\"wp-block-image size-large\"><img loading=\"lazy\" decoding=\"async\" width=\"694\" height=\"1024\" data-id=\"1330\" src=\"https:\/\/horokorva.fi\/wp-content\/uploads\/2026\/03\/Morgan1vko-694x1024.jpg\" alt=\"\" class=\"wp-image-1330\" srcset=\"https:\/\/horokorva.fi\/wp-content\/uploads\/2026\/03\/Morgan1vko-694x1024.jpg 694w, https:\/\/horokorva.fi\/wp-content\/uploads\/2026\/03\/Morgan1vko-203x300.jpg 203w, https:\/\/horokorva.fi\/wp-content\/uploads\/2026\/03\/Morgan1vko-768x1133.jpg 768w, https:\/\/horokorva.fi\/wp-content\/uploads\/2026\/03\/Morgan1vko-1041x1536.jpg 1041w, https:\/\/horokorva.fi\/wp-content\/uploads\/2026\/03\/Morgan1vko.jpg 1388w\" sizes=\"auto, (max-width: 694px) 100vw, 694px\" \/><figcaption class=\"wp-element-caption\">1vko<\/figcaption><\/figure>\n\n\n\n<figure class=\"wp-block-image size-large\"><img loading=\"lazy\" decoding=\"async\" width=\"672\" height=\"1024\" data-id=\"1344\" src=\"https:\/\/horokorva.fi\/wp-content\/uploads\/2026\/04\/morgan2vko-672x1024.jpeg\" alt=\"\" class=\"wp-image-1344\" srcset=\"https:\/\/horokorva.fi\/wp-content\/uploads\/2026\/04\/morgan2vko-672x1024.jpeg 672w, https:\/\/horokorva.fi\/wp-content\/uploads\/2026\/04\/morgan2vko-197x300.jpeg 197w, https:\/\/horokorva.fi\/wp-content\/uploads\/2026\/04\/morgan2vko-768x1170.jpeg 768w, https:\/\/horokorva.fi\/wp-content\/uploads\/2026\/04\/morgan2vko-1008x1536.jpeg 1008w, https:\/\/horokorva.fi\/wp-content\/uploads\/2026\/04\/morgan2vko.jpeg 1344w\" sizes=\"auto, (max-width: 672px) 100vw, 672px\" \/><figcaption class=\"wp-element-caption\">2vko<\/figcaption><\/figure>\n\n\n\n<figure class=\"wp-block-image size-large\"><img loading=\"lazy\" decoding=\"async\" width=\"941\" height=\"1024\" data-id=\"1377\" src=\"https:\/\/horokorva.fi\/wp-content\/uploads\/2026\/04\/Morgan3vko-941x1024.jpeg\" alt=\"\" class=\"wp-image-1377\" srcset=\"https:\/\/horokorva.fi\/wp-content\/uploads\/2026\/04\/Morgan3vko-941x1024.jpeg 941w, https:\/\/horokorva.fi\/wp-content\/uploads\/2026\/04\/Morgan3vko-276x300.jpeg 276w, https:\/\/horokorva.fi\/wp-content\/uploads\/2026\/04\/Morgan3vko-768x836.jpeg 768w, https:\/\/horokorva.fi\/wp-content\/uploads\/2026\/04\/Morgan3vko-1412x1536.jpeg 1412w, https:\/\/horokorva.fi\/wp-content\/uploads\/2026\/04\/Morgan3vko.jpeg 1882w\" sizes=\"auto, (max-width: 941px) 100vw, 941px\" \/><figcaption class=\"wp-element-caption\">3vko<\/figcaption><\/figure>\n\n\n\n<figure class=\"wp-block-image size-large\"><img loading=\"lazy\" decoding=\"async\" width=\"796\" height=\"1024\" data-id=\"1385\" src=\"https:\/\/horokorva.fi\/wp-content\/uploads\/2026\/04\/Morgan4vko-796x1024.jpg\" alt=\"\" class=\"wp-image-1385\" srcset=\"https:\/\/horokorva.fi\/wp-content\/uploads\/2026\/04\/Morgan4vko-796x1024.jpg 796w, https:\/\/horokorva.fi\/wp-content\/uploads\/2026\/04\/Morgan4vko-233x300.jpg 233w, https:\/\/horokorva.fi\/wp-content\/uploads\/2026\/04\/Morgan4vko-768x988.jpg 768w, https:\/\/horokorva.fi\/wp-content\/uploads\/2026\/04\/Morgan4vko-1194x1536.jpg 1194w, https:\/\/horokorva.fi\/wp-content\/uploads\/2026\/04\/Morgan4vko.jpg 1592w\" sizes=\"auto, (max-width: 796px) 100vw, 796px\" \/><figcaption class=\"wp-element-caption\">4vko<\/figcaption><\/figure>\n<\/figure>\n\n\n\n<p><\/p>\n\n\n\n<hr class=\"wp-block-separator has-alpha-channel-opacity\"\/>\n\n\n\n<p class=\"has-text-align-center\"><br><strong>FI*H\u00f6r\u00f6korva Cpt. Picard, &#8221;Pirkko&#8221;<\/strong><br>OLH b 03 24 (lempinimest\u00e4\u00e4n huolimatta uros)<br>Suklaat\u00e4plik\u00e4s bicolor it\u00e4mainen pitk\u00e4karva<\/p>\n\n\n\n<figure class=\"wp-block-gallery has-nested-images columns-default is-cropped wp-block-gallery-4 is-layout-flex wp-block-gallery-is-layout-flex\">\n<figure class=\"wp-block-image size-large\"><img loading=\"lazy\" decoding=\"async\" width=\"655\" height=\"1024\" data-id=\"1331\" src=\"https:\/\/horokorva.fi\/wp-content\/uploads\/2026\/03\/picard1vko-655x1024.jpg\" alt=\"\" class=\"wp-image-1331\" srcset=\"https:\/\/horokorva.fi\/wp-content\/uploads\/2026\/03\/picard1vko-655x1024.jpg 655w, https:\/\/horokorva.fi\/wp-content\/uploads\/2026\/03\/picard1vko-192x300.jpg 192w, https:\/\/horokorva.fi\/wp-content\/uploads\/2026\/03\/picard1vko-768x1201.jpg 768w, https:\/\/horokorva.fi\/wp-content\/uploads\/2026\/03\/picard1vko-983x1536.jpg 983w, https:\/\/horokorva.fi\/wp-content\/uploads\/2026\/03\/picard1vko.jpg 1310w\" sizes=\"auto, (max-width: 655px) 100vw, 655px\" \/><figcaption class=\"wp-element-caption\">1vko<\/figcaption><\/figure>\n\n\n\n<figure class=\"wp-block-image size-large\"><img loading=\"lazy\" decoding=\"async\" width=\"996\" height=\"1024\" data-id=\"1345\" src=\"https:\/\/horokorva.fi\/wp-content\/uploads\/2026\/04\/Picard2vko-996x1024.jpeg\" alt=\"\" class=\"wp-image-1345\" srcset=\"https:\/\/horokorva.fi\/wp-content\/uploads\/2026\/04\/Picard2vko-996x1024.jpeg 996w, https:\/\/horokorva.fi\/wp-content\/uploads\/2026\/04\/Picard2vko-292x300.jpeg 292w, https:\/\/horokorva.fi\/wp-content\/uploads\/2026\/04\/Picard2vko-768x790.jpeg 768w, https:\/\/horokorva.fi\/wp-content\/uploads\/2026\/04\/Picard2vko-1494x1536.jpeg 1494w, https:\/\/horokorva.fi\/wp-content\/uploads\/2026\/04\/Picard2vko.jpeg 1992w\" sizes=\"auto, (max-width: 996px) 100vw, 996px\" \/><figcaption class=\"wp-element-caption\">2vko<\/figcaption><\/figure>\n\n\n\n<figure class=\"wp-block-image size-large\"><img loading=\"lazy\" decoding=\"async\" width=\"823\" height=\"1024\" data-id=\"1378\" src=\"https:\/\/horokorva.fi\/wp-content\/uploads\/2026\/04\/Picard3vko-823x1024.jpeg\" alt=\"\" class=\"wp-image-1378\" srcset=\"https:\/\/horokorva.fi\/wp-content\/uploads\/2026\/04\/Picard3vko-823x1024.jpeg 823w, https:\/\/horokorva.fi\/wp-content\/uploads\/2026\/04\/Picard3vko-241x300.jpeg 241w, https:\/\/horokorva.fi\/wp-content\/uploads\/2026\/04\/Picard3vko-768x956.jpeg 768w, https:\/\/horokorva.fi\/wp-content\/uploads\/2026\/04\/Picard3vko-1235x1536.jpeg 1235w, https:\/\/horokorva.fi\/wp-content\/uploads\/2026\/04\/Picard3vko.jpeg 1646w\" sizes=\"auto, (max-width: 823px) 100vw, 823px\" \/><figcaption class=\"wp-element-caption\">3vko<\/figcaption><\/figure>\n\n\n\n<figure class=\"wp-block-image size-large\"><img loading=\"lazy\" decoding=\"async\" width=\"927\" height=\"1024\" data-id=\"1386\" src=\"https:\/\/horokorva.fi\/wp-content\/uploads\/2026\/04\/Picard4vko-927x1024.jpg\" alt=\"\" class=\"wp-image-1386\" srcset=\"https:\/\/horokorva.fi\/wp-content\/uploads\/2026\/04\/Picard4vko-927x1024.jpg 927w, https:\/\/horokorva.fi\/wp-content\/uploads\/2026\/04\/Picard4vko-272x300.jpg 272w, https:\/\/horokorva.fi\/wp-content\/uploads\/2026\/04\/Picard4vko-768x848.jpg 768w, https:\/\/horokorva.fi\/wp-content\/uploads\/2026\/04\/Picard4vko-1391x1536.jpg 1391w, https:\/\/horokorva.fi\/wp-content\/uploads\/2026\/04\/Picard4vko.jpg 1854w\" sizes=\"auto, (max-width: 927px) 100vw, 927px\" \/><figcaption class=\"wp-element-caption\">4vko<\/figcaption><\/figure>\n<\/figure>\n\n\n\n<hr class=\"wp-block-separator has-alpha-channel-opacity\"\/>\n\n\n\n<p><\/p>\n\n\n\n<p><\/p>\n\n\n\n<p><\/p>\n\n\n<div class=\"wp-block-image\">\n<figure class=\"aligncenter size-medium\"><img loading=\"lazy\" decoding=\"async\" width=\"300\" height=\"200\" src=\"https:\/\/horokorva.fi\/wp-content\/uploads\/2025\/10\/kaikki-300x200.jpg\" alt=\"\" class=\"wp-image-1106\" srcset=\"https:\/\/horokorva.fi\/wp-content\/uploads\/2025\/10\/kaikki-300x200.jpg 300w, https:\/\/horokorva.fi\/wp-content\/uploads\/2025\/10\/kaikki-1024x682.jpg 1024w, https:\/\/horokorva.fi\/wp-content\/uploads\/2025\/10\/kaikki-768x511.jpg 768w, https:\/\/horokorva.fi\/wp-content\/uploads\/2025\/10\/kaikki-1536x1023.jpg 1536w, https:\/\/horokorva.fi\/wp-content\/uploads\/2025\/10\/kaikki-2048x1364.jpg 2048w\" sizes=\"auto, (max-width: 300px) 100vw, 300px\" \/><\/figure>\n<\/div>","protected":false},"excerpt":{"rendered":"<p>Pentukori Kapteeni-pentue syntynyt 16.3 yhdistelm\u00e4st\u00e4 FI*H\u00f6r\u00f6korva -Anna, OLH q 03 25, aka\u00a0Anna&amp;SE* Torparkattens Cappuccino, OSH b 22, aka\u00a0Kaapo JOS OLET KIINNOSTUNUT PENNUISTA, LAITA S\u00c4HK\u00d6POSTIA! FI*H\u00f6r\u00f6korva Cpt. Jack, &#8221;Jaakko&#8221;OSH d 25 Punatiketti it\u00e4mainen lyhytkarva variantti FI*H\u00f6r\u00f6korva Cpt. Kirk, &#8221;Sinikka&#8221;OLH d 22 (lempinimest\u00e4\u00e4n huolimatta uros)Punainen klassinen tabby it\u00e4mainen pitk\u00e4karva FI*H\u00f6r\u00f6korva Cpt. Morgan, &#8221;Morris&#8221;OSH d 25Punatiketti it\u00e4mainen lyhytkarva,&#8230;<\/p>\n","protected":false},"author":1,"featured_media":0,"parent":0,"menu_order":0,"comment_status":"closed","ping_status":"closed","template":"","meta":{"_kad_post_transparent":"","_kad_post_title":"","_kad_post_layout":"narrow","_kad_post_sidebar_id":"","_kad_post_content_style":"","_kad_post_vertical_padding":"","_kad_post_feature":"","_kad_post_feature_position":"","_kad_post_header":false,"_kad_post_footer":false,"_kad_post_classname":"","footnotes":""},"class_list":["post-1099","page","type-page","status-publish","hentry"],"_links":{"self":[{"href":"https:\/\/horokorva.fi\/index.php\/wp-json\/wp\/v2\/pages\/1099","targetHints":{"allow":["GET"]}}],"collection":[{"href":"https:\/\/horokorva.fi\/index.php\/wp-json\/wp\/v2\/pages"}],"about":[{"href":"https:\/\/horokorva.fi\/index.php\/wp-json\/wp\/v2\/types\/page"}],"author":[{"embeddable":true,"href":"https:\/\/horokorva.fi\/index.php\/wp-json\/wp\/v2\/users\/1"}],"replies":[{"embeddable":true,"href":"https:\/\/horokorva.fi\/index.php\/wp-json\/wp\/v2\/comments?post=1099"}],"version-history":[{"count":19,"href":"https:\/\/horokorva.fi\/index.php\/wp-json\/wp\/v2\/pages\/1099\/revisions"}],"predecessor-version":[{"id":1391,"href":"https:\/\/horokorva.fi\/index.php\/wp-json\/wp\/v2\/pages\/1099\/revisions\/1391"}],"wp:attachment":[{"href":"https:\/\/horokorva.fi\/index.php\/wp-json\/wp\/v2\/media?parent=1099"}],"curies":[{"name":"wp","href":"https:\/\/api.w.org\/{rel}","templated":true}]}}