{"id":496,"date":"2025-04-30T19:46:12","date_gmt":"2025-04-30T19:46:12","guid":{"rendered":"https:\/\/horokorva.fi\/?page_id=496"},"modified":"2025-10-04T10:05:27","modified_gmt":"2025-10-04T10:05:27","slug":"naaraat","status":"publish","type":"page","link":"https:\/\/horokorva.fi\/index.php\/naaraat\/","title":{"rendered":"Naaraat"},"content":{"rendered":"\n<h2 class=\"wp-block-heading has-text-align-center\"><strong>Kissalan naaraat<\/strong><\/h2>\n\n\n\n<p><\/p>\n\n\n\n<p class=\"has-text-align-center\" style=\"margin-top:var(--wp--preset--spacing--20);margin-right:var(--wp--preset--spacing--20);margin-bottom:var(--wp--preset--spacing--20);margin-left:var(--wp--preset--spacing--20);font-size:15px\"><a href=\"https:\/\/horokorva.fi\/index.php\/elli\/\" data-type=\"page\" data-id=\"499\">SE* Alchemillas Elira, &#8221;Elli&#8221;<\/a><\/p>\n\n\n\n<p class=\"has-text-align-center\" style=\"margin-top:var(--wp--preset--spacing--20);margin-right:var(--wp--preset--spacing--20);margin-bottom:var(--wp--preset--spacing--20);margin-left:var(--wp--preset--spacing--20);font-size:15px\"><a href=\"https:\/\/horokorva.fi\/index.php\/anna\/\" data-type=\"page\" data-id=\"500\">FI* H\u00f6r\u00f6korva -Anna, &#8221;Anna&#8221;<\/a><\/p>\n\n\n\n<p class=\"has-text-align-center\" style=\"margin-top:var(--wp--preset--spacing--20);margin-right:var(--wp--preset--spacing--20);margin-bottom:var(--wp--preset--spacing--20);margin-left:var(--wp--preset--spacing--20);font-size:15px\"><a href=\"https:\/\/horokorva.fi\/index.php\/inga\/\" data-type=\"page\" data-id=\"501\">FI* H\u00f6r\u00f6korva -Inga, &#8221;Inga&#8221;<\/a><\/p>\n\n\n\n<p class=\"has-text-align-center\" style=\"font-size:15px\"><a href=\"https:\/\/horokorva.fi\/index.php\/melli\/\" data-type=\"page\" data-id=\"1062\">FI* H\u00f6r\u00f6korva -Melinda, &#8221;Melli&#8221;<\/a><\/p>\n\n\n\n<p><\/p>\n\n\n<div class=\"wp-block-image\">\n<figure class=\"aligncenter size-large is-resized\"><img loading=\"lazy\" decoding=\"async\" width=\"1024\" height=\"768\" src=\"https:\/\/horokorva.fi\/wp-content\/uploads\/2025\/05\/naaraat-1024x768.jpg\" alt=\"\" class=\"wp-image-633\" style=\"width:524px;height:auto\" srcset=\"https:\/\/horokorva.fi\/wp-content\/uploads\/2025\/05\/naaraat-1024x768.jpg 1024w, https:\/\/horokorva.fi\/wp-content\/uploads\/2025\/05\/naaraat-300x225.jpg 300w, https:\/\/horokorva.fi\/wp-content\/uploads\/2025\/05\/naaraat-768x576.jpg 768w, https:\/\/horokorva.fi\/wp-content\/uploads\/2025\/05\/naaraat-1536x1152.jpg 1536w, https:\/\/horokorva.fi\/wp-content\/uploads\/2025\/05\/naaraat.jpg 2048w\" sizes=\"auto, (max-width: 1024px) 100vw, 1024px\" \/><\/figure>\n<\/div>","protected":false},"excerpt":{"rendered":"<p>Kissalan naaraat SE* Alchemillas Elira, &#8221;Elli&#8221; FI* H\u00f6r\u00f6korva -Anna, &#8221;Anna&#8221; FI* H\u00f6r\u00f6korva -Inga, &#8221;Inga&#8221; FI* H\u00f6r\u00f6korva -Melinda, &#8221;Melli&#8221;<\/p>\n","protected":false},"author":1,"featured_media":0,"parent":0,"menu_order":0,"comment_status":"closed","ping_status":"closed","template":"","meta":{"_kad_post_transparent":"","_kad_post_title":"","_kad_post_layout":"narrow","_kad_post_sidebar_id":"","_kad_post_content_style":"","_kad_post_vertical_padding":"","_kad_post_feature":"","_kad_post_feature_position":"","_kad_post_header":false,"_kad_post_footer":false,"_kad_post_classname":"","footnotes":""},"class_list":["post-496","page","type-page","status-publish","hentry"],"_links":{"self":[{"href":"https:\/\/horokorva.fi\/index.php\/wp-json\/wp\/v2\/pages\/496","targetHints":{"allow":["GET"]}}],"collection":[{"href":"https:\/\/horokorva.fi\/index.php\/wp-json\/wp\/v2\/pages"}],"about":[{"href":"https:\/\/horokorva.fi\/index.php\/wp-json\/wp\/v2\/types\/page"}],"author":[{"embeddable":true,"href":"https:\/\/horokorva.fi\/index.php\/wp-json\/wp\/v2\/users\/1"}],"replies":[{"embeddable":true,"href":"https:\/\/horokorva.fi\/index.php\/wp-json\/wp\/v2\/comments?post=496"}],"version-history":[{"count":13,"href":"https:\/\/horokorva.fi\/index.php\/wp-json\/wp\/v2\/pages\/496\/revisions"}],"predecessor-version":[{"id":1080,"href":"https:\/\/horokorva.fi\/index.php\/wp-json\/wp\/v2\/pages\/496\/revisions\/1080"}],"wp:attachment":[{"href":"https:\/\/horokorva.fi\/index.php\/wp-json\/wp\/v2\/media?parent=496"}],"curies":[{"name":"wp","href":"https:\/\/api.w.org\/{rel}","templated":true}]}}