{"id":500,"date":"2025-04-30T19:49:06","date_gmt":"2025-04-30T19:49:06","guid":{"rendered":"https:\/\/horokorva.fi\/?page_id=500"},"modified":"2026-04-14T07:52:26","modified_gmt":"2026-04-14T07:52:26","slug":"anna","status":"publish","type":"page","link":"https:\/\/horokorva.fi\/index.php\/anna\/","title":{"rendered":"Anna"},"content":{"rendered":"\n<h2 class=\"wp-block-heading has-text-align-center has-larger-font-size\"><strong>KCH FI*H\u00f6r\u00f6korva -Anna<\/strong>,<strong> &#8221;Anna&#8221;<\/strong><\/h2>\n\n\n\n<div class=\"wp-block-media-text is-stacked-on-mobile\"><figure class=\"wp-block-media-text__media\"><img loading=\"lazy\" decoding=\"async\" width=\"1024\" height=\"717\" src=\"https:\/\/horokorva.fi\/wp-content\/uploads\/2025\/04\/anna-1024x717.jpeg\" alt=\"\" class=\"wp-image-460 size-full\" srcset=\"https:\/\/horokorva.fi\/wp-content\/uploads\/2025\/04\/anna-1024x717.jpeg 1024w, https:\/\/horokorva.fi\/wp-content\/uploads\/2025\/04\/anna-300x210.jpeg 300w, https:\/\/horokorva.fi\/wp-content\/uploads\/2025\/04\/anna-768x538.jpeg 768w, https:\/\/horokorva.fi\/wp-content\/uploads\/2025\/04\/anna.jpeg 1300w\" sizes=\"auto, (max-width: 1024px) 100vw, 1024px\" \/><\/figure><div class=\"wp-block-media-text__content\">\n<p style=\"margin-top:var(--wp--preset--spacing--20);margin-right:var(--wp--preset--spacing--20);margin-bottom:var(--wp--preset--spacing--20);margin-left:var(--wp--preset--spacing--20);font-size:15px\">s. 15.4.2024<\/p>\n\n\n\n<p style=\"margin-top:var(--wp--preset--spacing--20);margin-right:var(--wp--preset--spacing--20);margin-bottom:var(--wp--preset--spacing--20);margin-left:var(--wp--preset--spacing--20);font-size:15px\">OLH q 03 25,&nbsp;kanelikilpikonna ticked tabby bicolour it\u00e4mainen pitk\u00e4karva<\/p>\n\n\n\n<p style=\"margin-top:var(--wp--preset--spacing--20);margin-right:var(--wp--preset--spacing--20);margin-bottom:var(--wp--preset--spacing--20);margin-left:var(--wp--preset--spacing--20);font-size:15px\">Anna on oma kasvattini, Swedish House Mafia-pentueesta, pitk\u00e4\u00e4n toivomani kilppari!<\/p>\n\n\n\n<p><\/p>\n\n\n\n<p style=\"margin-top:var(--wp--preset--spacing--20);margin-right:var(--wp--preset--spacing--20);margin-bottom:var(--wp--preset--spacing--20);margin-left:var(--wp--preset--spacing--20);font-size:15px\"><a href=\"https:\/\/www.wisdompanel.com\/app\/s\/rjy8z0k\/reports\" rel=\"noreferrer noopener\" target=\"_blank\">Annan DNA-testin tulokset&nbsp;<\/a><\/p>\n\n\n\n<p style=\"margin-top:var(--wp--preset--spacing--20);margin-right:var(--wp--preset--spacing--20);margin-bottom:var(--wp--preset--spacing--20);margin-left:var(--wp--preset--spacing--20);font-size:15px\"><a href=\"https:\/\/kissat.kissaliitto.fi\/perusnaytto_kissa.aspx?id=331585\" rel=\"noreferrer noopener\" target=\"_blank\">Anna Omakissassa&nbsp;<\/a><\/p>\n\n\n\n<p style=\"margin-top:var(--wp--preset--spacing--20);margin-right:var(--wp--preset--spacing--20);margin-bottom:var(--wp--preset--spacing--20);margin-left:var(--wp--preset--spacing--20);font-size:15px\"><a href=\"https:\/\/www.pawpeds.com\/db\/?a=p&amp;id=1747754&amp;g=4&amp;p=sia&amp;o=elastic\" rel=\"noreferrer noopener\" target=\"_blank\">Anna Pawpedsiss\u00e4<\/a><\/p>\n\n\n\n<p><\/p>\n\n\n\n<p class=\"has-small-font-size\">Kuva: (C) Tessa<\/p>\n<\/div><\/div>\n\n\n\n<h6 class=\"wp-block-heading\">Pentueet:<\/h6>\n\n\n\n<ul class=\"wp-block-list\">\n<li><a href=\"https:\/\/horokorva.fi\/index.php\/leevit\/\" data-type=\"page\" data-id=\"676\">Leevi and the Leavings-ipanat<\/a><\/li>\n\n\n\n<li>Kapteenit<\/li>\n<\/ul>\n","protected":false},"excerpt":{"rendered":"<p>KCH FI*H\u00f6r\u00f6korva -Anna, &#8221;Anna&#8221; s. 15.4.2024 OLH q 03 25,&nbsp;kanelikilpikonna ticked tabby bicolour it\u00e4mainen pitk\u00e4karva Anna on oma kasvattini, Swedish House Mafia-pentueesta, pitk\u00e4\u00e4n toivomani kilppari! Annan DNA-testin tulokset&nbsp; Anna Omakissassa&nbsp; Anna Pawpedsiss\u00e4 Kuva: (C) Tessa Pentueet:<\/p>\n","protected":false},"author":1,"featured_media":0,"parent":0,"menu_order":0,"comment_status":"closed","ping_status":"closed","template":"","meta":{"_kad_post_transparent":"","_kad_post_title":"","_kad_post_layout":"narrow","_kad_post_sidebar_id":"","_kad_post_content_style":"","_kad_post_vertical_padding":"","_kad_post_feature":"","_kad_post_feature_position":"","_kad_post_header":false,"_kad_post_footer":false,"_kad_post_classname":"","footnotes":""},"class_list":["post-500","page","type-page","status-publish","hentry"],"_links":{"self":[{"href":"https:\/\/horokorva.fi\/index.php\/wp-json\/wp\/v2\/pages\/500","targetHints":{"allow":["GET"]}}],"collection":[{"href":"https:\/\/horokorva.fi\/index.php\/wp-json\/wp\/v2\/pages"}],"about":[{"href":"https:\/\/horokorva.fi\/index.php\/wp-json\/wp\/v2\/types\/page"}],"author":[{"embeddable":true,"href":"https:\/\/horokorva.fi\/index.php\/wp-json\/wp\/v2\/users\/1"}],"replies":[{"embeddable":true,"href":"https:\/\/horokorva.fi\/index.php\/wp-json\/wp\/v2\/comments?post=500"}],"version-history":[{"count":10,"href":"https:\/\/horokorva.fi\/index.php\/wp-json\/wp\/v2\/pages\/500\/revisions"}],"predecessor-version":[{"id":1393,"href":"https:\/\/horokorva.fi\/index.php\/wp-json\/wp\/v2\/pages\/500\/revisions\/1393"}],"wp:attachment":[{"href":"https:\/\/horokorva.fi\/index.php\/wp-json\/wp\/v2\/media?parent=500"}],"curies":[{"name":"wp","href":"https:\/\/api.w.org\/{rel}","templated":true}]}}