{"id":506,"date":"2025-04-30T19:49:06","date_gmt":"2025-04-30T19:49:06","guid":{"rendered":"https:\/\/horokorva.fi\/?page_id=506"},"modified":"2025-07-04T17:24:02","modified_gmt":"2025-07-04T17:24:02","slug":"elakelaiset","status":"publish","type":"page","link":"https:\/\/horokorva.fi\/index.php\/elakelaiset\/","title":{"rendered":"El\u00e4kel\u00e4iset"},"content":{"rendered":"\n<h2 class=\"wp-block-heading has-text-align-center\"><strong>Kissalan kastraatit<\/strong><\/h2>\n\n\n\n<h6 class=\"wp-block-heading has-text-align-center\">aka jo kasvatusk\u00e4yt\u00f6st\u00e4 poistuneet ja lemmikeiksi  hankitut rakkaat<\/h6>\n\n\n\n<p><\/p>\n\n\n\n<p><\/p>\n\n\n\n<p class=\"has-text-align-center\" style=\"margin-top:var(--wp--preset--spacing--20);margin-right:var(--wp--preset--spacing--20);margin-bottom:var(--wp--preset--spacing--20);margin-left:var(--wp--preset--spacing--20);font-size:15px\"><a href=\"https:\/\/horokorva.fi\/index.php\/pablo\/\" data-type=\"page\" data-id=\"504\">Fi* LoveOriental Aston Martin Valhalla, &#8221;Pablo&#8221;<\/a><\/p>\n\n\n\n<p class=\"has-text-align-center\" style=\"margin-top:var(--wp--preset--spacing--20);margin-right:var(--wp--preset--spacing--20);margin-bottom:var(--wp--preset--spacing--20);margin-left:var(--wp--preset--spacing--20);font-size:15px\"><a href=\"https:\/\/horokorva.fi\/index.php\/aarne\/\" data-type=\"page\" data-id=\"648\">Fi* H\u00f6r\u00f6korva -Aarne, &#8221;Aarne&#8221;<\/a><\/p>\n\n\n\n<p class=\"has-text-align-center\" style=\"margin-top:var(--wp--preset--spacing--20);margin-right:var(--wp--preset--spacing--20);margin-bottom:var(--wp--preset--spacing--20);margin-left:var(--wp--preset--spacing--20);font-size:15px\"><a href=\"https:\/\/horokorva.fi\/index.php\/amalia\/\" data-type=\"page\" data-id=\"643\">Fi* Rokkitassu taivaskin Kirkastuu, &#8221;Amalia&#8221;<\/a><\/p>\n\n\n\n<p class=\"has-text-align-center\" style=\"margin-top:var(--wp--preset--spacing--20);margin-right:var(--wp--preset--spacing--20);margin-bottom:var(--wp--preset--spacing--20);margin-left:var(--wp--preset--spacing--20);font-size:15px\"><a href=\"https:\/\/horokorva.fi\/index.php\/onni\/\" data-type=\"page\" data-id=\"646\">UA*Meori Bubbles, &#8221;Onni&#8221;<\/a><\/p>\n\n\n\n<p class=\"has-text-align-center\" style=\"margin-top:var(--wp--preset--spacing--20);margin-right:var(--wp--preset--spacing--20);margin-bottom:var(--wp--preset--spacing--20);margin-left:var(--wp--preset--spacing--20);font-size:15px\"><a href=\"https:\/\/horokorva.fi\/index.php\/simo-2\/\" data-type=\"page\" data-id=\"647\">UA*Meori Jangle Jem, &#8221;Simo&#8221;<\/a><\/p>\n\n\n\n<p><\/p>\n\n\n<div class=\"wp-block-image\">\n<figure class=\"aligncenter size-large is-resized\"><img loading=\"lazy\" decoding=\"async\" width=\"1024\" height=\"732\" src=\"https:\/\/horokorva.fi\/wp-content\/uploads\/2025\/05\/elakelaset-1024x732.jpg\" alt=\"\" class=\"wp-image-640\" style=\"width:595px;height:auto\" srcset=\"https:\/\/horokorva.fi\/wp-content\/uploads\/2025\/05\/elakelaset-1024x732.jpg 1024w, https:\/\/horokorva.fi\/wp-content\/uploads\/2025\/05\/elakelaset-300x214.jpg 300w, https:\/\/horokorva.fi\/wp-content\/uploads\/2025\/05\/elakelaset-768x549.jpg 768w, https:\/\/horokorva.fi\/wp-content\/uploads\/2025\/05\/elakelaset-1536x1098.jpg 1536w, https:\/\/horokorva.fi\/wp-content\/uploads\/2025\/05\/elakelaset.jpg 1920w\" sizes=\"auto, (max-width: 1024px) 100vw, 1024px\" \/><figcaption class=\"wp-element-caption\">(C) Virpi Rannikko<\/figcaption><\/figure>\n<\/div>\n\n\n<p><\/p>\n","protected":false},"excerpt":{"rendered":"<p>Kissalan kastraatit aka jo kasvatusk\u00e4yt\u00f6st\u00e4 poistuneet ja lemmikeiksi hankitut rakkaat Fi* LoveOriental Aston Martin Valhalla, &#8221;Pablo&#8221; Fi* H\u00f6r\u00f6korva -Aarne, &#8221;Aarne&#8221; Fi* Rokkitassu taivaskin Kirkastuu, &#8221;Amalia&#8221; UA*Meori Bubbles, &#8221;Onni&#8221; UA*Meori Jangle Jem, &#8221;Simo&#8221;<\/p>\n","protected":false},"author":1,"featured_media":0,"parent":0,"menu_order":0,"comment_status":"closed","ping_status":"closed","template":"","meta":{"_kad_post_transparent":"","_kad_post_title":"","_kad_post_layout":"narrow","_kad_post_sidebar_id":"","_kad_post_content_style":"","_kad_post_vertical_padding":"","_kad_post_feature":"","_kad_post_feature_position":"","_kad_post_header":false,"_kad_post_footer":false,"_kad_post_classname":"","footnotes":""},"class_list":["post-506","page","type-page","status-publish","hentry"],"_links":{"self":[{"href":"https:\/\/horokorva.fi\/index.php\/wp-json\/wp\/v2\/pages\/506","targetHints":{"allow":["GET"]}}],"collection":[{"href":"https:\/\/horokorva.fi\/index.php\/wp-json\/wp\/v2\/pages"}],"about":[{"href":"https:\/\/horokorva.fi\/index.php\/wp-json\/wp\/v2\/types\/page"}],"author":[{"embeddable":true,"href":"https:\/\/horokorva.fi\/index.php\/wp-json\/wp\/v2\/users\/1"}],"replies":[{"embeddable":true,"href":"https:\/\/horokorva.fi\/index.php\/wp-json\/wp\/v2\/comments?post=506"}],"version-history":[{"count":10,"href":"https:\/\/horokorva.fi\/index.php\/wp-json\/wp\/v2\/pages\/506\/revisions"}],"predecessor-version":[{"id":1014,"href":"https:\/\/horokorva.fi\/index.php\/wp-json\/wp\/v2\/pages\/506\/revisions\/1014"}],"wp:attachment":[{"href":"https:\/\/horokorva.fi\/index.php\/wp-json\/wp\/v2\/media?parent=506"}],"curies":[{"name":"wp","href":"https:\/\/api.w.org\/{rel}","templated":true}]}}