{"id":646,"date":"2025-05-01T14:53:01","date_gmt":"2025-05-01T14:53:01","guid":{"rendered":"https:\/\/horokorva.fi\/?page_id=646"},"modified":"2025-05-02T09:43:44","modified_gmt":"2025-05-02T09:43:44","slug":"onni","status":"publish","type":"page","link":"https:\/\/horokorva.fi\/index.php\/onni\/","title":{"rendered":"Onni"},"content":{"rendered":"\n<p><\/p>\n\n\n\n<h2 class=\"wp-block-heading has-text-align-center\"><strong>UA*Meori Bubbles, &#8221;Onni&#8221;<\/strong><\/h2>\n\n\n\n<div class=\"wp-block-media-text is-stacked-on-mobile\" style=\"grid-template-columns:45% auto\"><figure class=\"wp-block-media-text__media\"><img loading=\"lazy\" decoding=\"async\" width=\"1024\" height=\"731\" src=\"https:\/\/horokorva.fi\/wp-content\/uploads\/2025\/05\/onnioma-1024x731.jpg\" alt=\"\" class=\"wp-image-671 size-full\" srcset=\"https:\/\/horokorva.fi\/wp-content\/uploads\/2025\/05\/onnioma-1024x731.jpg 1024w, https:\/\/horokorva.fi\/wp-content\/uploads\/2025\/05\/onnioma-300x214.jpg 300w, https:\/\/horokorva.fi\/wp-content\/uploads\/2025\/05\/onnioma-768x548.jpg 768w, https:\/\/horokorva.fi\/wp-content\/uploads\/2025\/05\/onnioma-1536x1097.jpg 1536w, https:\/\/horokorva.fi\/wp-content\/uploads\/2025\/05\/onnioma.jpg 1920w\" sizes=\"auto, (max-width: 1024px) 100vw, 1024px\" \/><\/figure><div class=\"wp-block-media-text__content\">\n<p style=\"margin-top:var(--wp--preset--spacing--20);margin-right:var(--wp--preset--spacing--20);margin-bottom:var(--wp--preset--spacing--20);margin-left:var(--wp--preset--spacing--20);font-size:15px\">s. 30.9.2021<\/p>\n\n\n\n<p style=\"margin-top:var(--wp--preset--spacing--20);margin-right:var(--wp--preset--spacing--20);margin-bottom:var(--wp--preset--spacing--20);margin-left:var(--wp--preset--spacing--20);font-size:15px\">OSH b, suklaa it\u00e4mainen lyhytkarva uros<\/p>\n\n\n\n<p style=\"margin-top:var(--wp--preset--spacing--20);margin-right:var(--wp--preset--spacing--20);margin-bottom:var(--wp--preset--spacing--20);margin-left:var(--wp--preset--spacing--20);font-size:15px\">Kasvattaja: Oksana Fomina, Latvia<\/p>\n\n\n\n<p style=\"margin-top:var(--wp--preset--spacing--20);margin-right:var(--wp--preset--spacing--20);margin-bottom:var(--wp--preset--spacing--20);margin-left:var(--wp--preset--spacing--20);font-size:15px\">Onni on hankittu perheen lemmikiksi, eik\u00e4 sit\u00e4 ole ikin\u00e4 k\u00e4ytetty kasvatukseen<\/p>\n\n\n\n<p style=\"margin-top:var(--wp--preset--spacing--20);margin-right:var(--wp--preset--spacing--20);margin-bottom:var(--wp--preset--spacing--20);margin-left:var(--wp--preset--spacing--20);font-size:15px\"><\/p>\n\n\n\n<p><\/p>\n\n\n\n<p style=\"margin-top:var(--wp--preset--spacing--20);margin-right:var(--wp--preset--spacing--20);margin-bottom:var(--wp--preset--spacing--20);margin-left:var(--wp--preset--spacing--20);font-size:15px\"><a href=\"http:\/\/kissat.kissaliitto.fi\/perusnaytto_kissa.aspx?id=298961\" target=\"_blank\" rel=\"noreferrer noopener\">Onni omakissassa<\/a><\/p>\n\n\n\n<p><\/p>\n\n\n\n<p class=\"has-small-font-size\">Kuva: (C) Virpi Rannikko<\/p>\n\n\n\n<p><\/p>\n\n\n\n<p><\/p>\n\n\n\n<p><\/p>\n<\/div><\/div>\n\n\n\n<p><\/p>\n\n\n\n<p><\/p>\n","protected":false},"excerpt":{"rendered":"<p>UA*Meori Bubbles, &#8221;Onni&#8221; s. 30.9.2021 OSH b, suklaa it\u00e4mainen lyhytkarva uros Kasvattaja: Oksana Fomina, Latvia Onni on hankittu perheen lemmikiksi, eik\u00e4 sit\u00e4 ole ikin\u00e4 k\u00e4ytetty kasvatukseen Onni omakissassa Kuva: (C) Virpi Rannikko<\/p>\n","protected":false},"author":1,"featured_media":0,"parent":0,"menu_order":0,"comment_status":"closed","ping_status":"closed","template":"","meta":{"_kad_post_transparent":"","_kad_post_title":"","_kad_post_layout":"narrow","_kad_post_sidebar_id":"","_kad_post_content_style":"","_kad_post_vertical_padding":"","_kad_post_feature":"","_kad_post_feature_position":"","_kad_post_header":false,"_kad_post_footer":false,"_kad_post_classname":"","footnotes":""},"class_list":["post-646","page","type-page","status-publish","hentry"],"_links":{"self":[{"href":"https:\/\/horokorva.fi\/index.php\/wp-json\/wp\/v2\/pages\/646","targetHints":{"allow":["GET"]}}],"collection":[{"href":"https:\/\/horokorva.fi\/index.php\/wp-json\/wp\/v2\/pages"}],"about":[{"href":"https:\/\/horokorva.fi\/index.php\/wp-json\/wp\/v2\/types\/page"}],"author":[{"embeddable":true,"href":"https:\/\/horokorva.fi\/index.php\/wp-json\/wp\/v2\/users\/1"}],"replies":[{"embeddable":true,"href":"https:\/\/horokorva.fi\/index.php\/wp-json\/wp\/v2\/comments?post=646"}],"version-history":[{"count":7,"href":"https:\/\/horokorva.fi\/index.php\/wp-json\/wp\/v2\/pages\/646\/revisions"}],"predecessor-version":[{"id":925,"href":"https:\/\/horokorva.fi\/index.php\/wp-json\/wp\/v2\/pages\/646\/revisions\/925"}],"wp:attachment":[{"href":"https:\/\/horokorva.fi\/index.php\/wp-json\/wp\/v2\/media?parent=646"}],"curies":[{"name":"wp","href":"https:\/\/api.w.org\/{rel}","templated":true}]}}