{"id":647,"date":"2025-05-01T14:53:01","date_gmt":"2025-05-01T14:53:01","guid":{"rendered":"https:\/\/horokorva.fi\/?page_id=647"},"modified":"2025-05-02T09:44:21","modified_gmt":"2025-05-02T09:44:21","slug":"simo-2","status":"publish","type":"page","link":"https:\/\/horokorva.fi\/index.php\/simo-2\/","title":{"rendered":"Simo"},"content":{"rendered":"\n<p><\/p>\n\n\n\n<h2 class=\"wp-block-heading has-text-align-center\"><strong>UA*Meori Jangle Jem, &#8221;Simo&#8221;<\/strong><\/h2>\n\n\n\n<div class=\"wp-block-media-text is-stacked-on-mobile\" style=\"grid-template-columns:41% auto\"><figure class=\"wp-block-media-text__media\"><img loading=\"lazy\" decoding=\"async\" width=\"732\" height=\"1024\" src=\"https:\/\/horokorva.fi\/wp-content\/uploads\/2025\/05\/simonoma-732x1024.jpg\" alt=\"\" class=\"wp-image-674 size-full\" srcset=\"https:\/\/horokorva.fi\/wp-content\/uploads\/2025\/05\/simonoma-732x1024.jpg 732w, https:\/\/horokorva.fi\/wp-content\/uploads\/2025\/05\/simonoma-214x300.jpg 214w, https:\/\/horokorva.fi\/wp-content\/uploads\/2025\/05\/simonoma-768x1074.jpg 768w, https:\/\/horokorva.fi\/wp-content\/uploads\/2025\/05\/simonoma.jpg 1098w\" sizes=\"auto, (max-width: 732px) 100vw, 732px\" \/><\/figure><div class=\"wp-block-media-text__content\">\n<p style=\"margin-top:var(--wp--preset--spacing--20);margin-right:var(--wp--preset--spacing--20);margin-bottom:var(--wp--preset--spacing--20);margin-left:var(--wp--preset--spacing--20);font-size:15px\">s. 2.12.2015<\/p>\n\n\n\n<p style=\"margin-top:var(--wp--preset--spacing--20);margin-right:var(--wp--preset--spacing--20);margin-bottom:var(--wp--preset--spacing--20);margin-left:var(--wp--preset--spacing--20);font-size:15px\">Sia a, sininaamio siamilainen uros<\/p>\n\n\n\n<p style=\"margin-top:var(--wp--preset--spacing--20);margin-right:var(--wp--preset--spacing--20);margin-bottom:var(--wp--preset--spacing--20);margin-left:var(--wp--preset--spacing--20);font-size:15px\">Kasvattaja: Oksana Fomina, Latvia<\/p>\n\n\n\n<p style=\"margin-top:var(--wp--preset--spacing--20);margin-right:var(--wp--preset--spacing--20);margin-bottom:var(--wp--preset--spacing--20);margin-left:var(--wp--preset--spacing--20);font-size:15px\">Simo on hankittu perheen lemmikiksi, eik\u00e4 sit\u00e4 ole ikin\u00e4 k\u00e4ytetty kasvatukseen<\/p>\n\n\n\n<p><\/p>\n\n\n\n<p style=\"margin-top:var(--wp--preset--spacing--20);margin-right:var(--wp--preset--spacing--20);margin-bottom:var(--wp--preset--spacing--20);margin-left:var(--wp--preset--spacing--20);font-size:15px\"><a href=\"http:\/\/kissat.kissaliitto.fi\/perusnaytto_kissa.aspx?id=298961\" target=\"_blank\" rel=\"noreferrer noopener\"><\/a><a href=\"http:\/\/kissat.kissaliitto.fi\/perusnaytto_kissa.aspx?id=170424\" target=\"_blank\" rel=\"noreferrer noopener\">Simo omakissassa<\/a><\/p>\n\n\n\n<p><\/p>\n\n\n\n<p class=\"has-small-font-size\">Kuva: (C) Virpi Rannikko<\/p>\n\n\n\n<p><\/p>\n\n\n\n<p><\/p>\n\n\n\n<p><\/p>\n<\/div><\/div>\n","protected":false},"excerpt":{"rendered":"<p>UA*Meori Jangle Jem, &#8221;Simo&#8221; s. 2.12.2015 Sia a, sininaamio siamilainen uros Kasvattaja: Oksana Fomina, Latvia Simo on hankittu perheen lemmikiksi, eik\u00e4 sit\u00e4 ole ikin\u00e4 k\u00e4ytetty kasvatukseen Simo omakissassa Kuva: (C) Virpi Rannikko<\/p>\n","protected":false},"author":1,"featured_media":0,"parent":0,"menu_order":0,"comment_status":"closed","ping_status":"closed","template":"","meta":{"_kad_post_transparent":"","_kad_post_title":"","_kad_post_layout":"narrow","_kad_post_sidebar_id":"","_kad_post_content_style":"","_kad_post_vertical_padding":"","_kad_post_feature":"","_kad_post_feature_position":"","_kad_post_header":false,"_kad_post_footer":false,"_kad_post_classname":"","footnotes":""},"class_list":["post-647","page","type-page","status-publish","hentry"],"_links":{"self":[{"href":"https:\/\/horokorva.fi\/index.php\/wp-json\/wp\/v2\/pages\/647","targetHints":{"allow":["GET"]}}],"collection":[{"href":"https:\/\/horokorva.fi\/index.php\/wp-json\/wp\/v2\/pages"}],"about":[{"href":"https:\/\/horokorva.fi\/index.php\/wp-json\/wp\/v2\/types\/page"}],"author":[{"embeddable":true,"href":"https:\/\/horokorva.fi\/index.php\/wp-json\/wp\/v2\/users\/1"}],"replies":[{"embeddable":true,"href":"https:\/\/horokorva.fi\/index.php\/wp-json\/wp\/v2\/comments?post=647"}],"version-history":[{"count":6,"href":"https:\/\/horokorva.fi\/index.php\/wp-json\/wp\/v2\/pages\/647\/revisions"}],"predecessor-version":[{"id":926,"href":"https:\/\/horokorva.fi\/index.php\/wp-json\/wp\/v2\/pages\/647\/revisions\/926"}],"wp:attachment":[{"href":"https:\/\/horokorva.fi\/index.php\/wp-json\/wp\/v2\/media?parent=647"}],"curies":[{"name":"wp","href":"https:\/\/api.w.org\/{rel}","templated":true}]}}