{"id":676,"date":"2025-05-01T16:46:21","date_gmt":"2025-05-01T16:46:21","guid":{"rendered":"https:\/\/horokorva.fi\/?page_id=676"},"modified":"2026-03-11T12:53:32","modified_gmt":"2026-03-11T12:53:32","slug":"leevit","status":"publish","type":"page","link":"https:\/\/horokorva.fi\/index.php\/leevit\/","title":{"rendered":"Leevit"},"content":{"rendered":"\n<h2 class=\"wp-block-heading has-text-align-center\"><strong>Leevi and the Leavingsit, s. 15.7.2025<\/strong><\/h2>\n\n\n\n<p><\/p>\n\n\n\n<div class=\"wp-block-kadence-image kb-image676_0dabdc-fd\"><figure class=\"alignleft size-medium\"><img loading=\"lazy\" decoding=\"async\" width=\"263\" height=\"300\" src=\"https:\/\/horokorva.fi\/wp-content\/uploads\/2025\/10\/anna2-263x300.jpg\" alt=\"\" class=\"kb-img wp-image-1128\" srcset=\"https:\/\/horokorva.fi\/wp-content\/uploads\/2025\/10\/anna2-263x300.jpg 263w, https:\/\/horokorva.fi\/wp-content\/uploads\/2025\/10\/anna2-897x1024.jpg 897w, https:\/\/horokorva.fi\/wp-content\/uploads\/2025\/10\/anna2-768x877.jpg 768w, https:\/\/horokorva.fi\/wp-content\/uploads\/2025\/10\/anna2-1346x1536.jpg 1346w, https:\/\/horokorva.fi\/wp-content\/uploads\/2025\/10\/anna2.jpg 1794w\" sizes=\"auto, (max-width: 263px) 100vw, 263px\" \/><figcaption>(C) Tessa<\/figcaption><\/figure><\/div>\n\n\n\n<div class=\"wp-block-kadence-image kb-image676_86db26-8a\"><figure class=\"alignright size-medium\"><img loading=\"lazy\" decoding=\"async\" width=\"223\" height=\"300\" src=\"https:\/\/horokorva.fi\/wp-content\/uploads\/2025\/05\/Pablo-223x300.jpg\" alt=\"\" class=\"kb-img wp-image-615\" srcset=\"https:\/\/horokorva.fi\/wp-content\/uploads\/2025\/05\/Pablo-223x300.jpg 223w, https:\/\/horokorva.fi\/wp-content\/uploads\/2025\/05\/Pablo-762x1024.jpg 762w, https:\/\/horokorva.fi\/wp-content\/uploads\/2025\/05\/Pablo-768x1032.jpg 768w, https:\/\/horokorva.fi\/wp-content\/uploads\/2025\/05\/Pablo-1143x1536.jpg 1143w, https:\/\/horokorva.fi\/wp-content\/uploads\/2025\/05\/Pablo.jpg 1524w\" sizes=\"auto, (max-width: 223px) 100vw, 223px\" \/><\/figure><\/div>\n\n\n\n<p><\/p>\n\n\n\n<p class=\"has-text-align-left\" style=\"font-size:14px\">\u00c4iti: KCH <a href=\"https:\/\/horokorva.fi\/index.php\/anna\/\" data-type=\"page\" data-id=\"500\">FI*H\u00f6r\u00f6korva -Anna<\/a>, OLH q 03 25<\/p>\n\n\n\n<p class=\"has-text-align-left\" style=\"font-size:14px\">Is\u00e4: <a href=\"https:\/\/horokorva.fi\/index.php\/pablo\/\" data-type=\"page\" data-id=\"504\">FI* LoveOriental Aston Martin Valhalla<\/a>, OSH d 03, Kasvattaja: Anzelika Vorobjova <\/p>\n\n\n\n<p class=\"has-text-align-right\" style=\"margin-top:0;margin-bottom:0;font-size:15px\"><\/p>\n\n\n\n<p class=\"has-text-align-right\" style=\"font-size:15px\"><\/p>\n\n\n\n<p class=\"has-text-align-right\" style=\"font-size:15px\"><\/p>\n\n\n\n<p class=\"has-text-align-right\"><\/p>\n\n\n\n<pre class=\"wp-block-code\"><code><\/code><\/pre>\n\n\n\n<div class=\"wp-block-kadence-spacer aligncenter kt-block-spacer-676_bcc29c-b0\"><div class=\"kt-block-spacer kt-block-spacer-halign-center\"><hr class=\"kt-divider\"\/><\/div><\/div>\n\n\n\n<p><\/p>\n\n\n\n<div class=\"wp-block-media-text is-stacked-on-mobile\" style=\"grid-template-columns:29% auto\"><figure class=\"wp-block-media-text__media\"><img loading=\"lazy\" decoding=\"async\" width=\"851\" height=\"1024\" src=\"https:\/\/horokorva.fi\/wp-content\/uploads\/2025\/10\/laura-2-851x1024.jpg\" alt=\"\" class=\"wp-image-1089 size-full\" srcset=\"https:\/\/horokorva.fi\/wp-content\/uploads\/2025\/10\/laura-2-851x1024.jpg 851w, https:\/\/horokorva.fi\/wp-content\/uploads\/2025\/10\/laura-2-249x300.jpg 249w, https:\/\/horokorva.fi\/wp-content\/uploads\/2025\/10\/laura-2-768x924.jpg 768w, https:\/\/horokorva.fi\/wp-content\/uploads\/2025\/10\/laura-2.jpg 997w\" sizes=\"auto, (max-width: 851px) 100vw, 851px\" \/><\/figure><div class=\"wp-block-media-text__content\">\n<p class=\"has-text-align-left\">FI* H\u00f6r\u00f6korva -LauraJennaEllinooraAlexandraC<\/p>\n\n\n\n<p class=\"has-text-align-left\" style=\"margin-top:var(--wp--preset--spacing--20);margin-right:var(--wp--preset--spacing--20);margin-bottom:var(--wp--preset--spacing--20);margin-left:var(--wp--preset--spacing--20);font-size:15px\">OSH e 24, naaras<br>Cremet\u00e4plik\u00e4s it\u00e4mainen lyhytkarva variantti<\/p>\n\n\n\n<p style=\"margin-top:var(--wp--preset--spacing--20);margin-right:var(--wp--preset--spacing--20);margin-bottom:var(--wp--preset--spacing--20);margin-left:var(--wp--preset--spacing--20);font-size:15px\">Laura, nyky\u00e4\u00e4n Muumin, asuu Ranskassa<\/p>\n\n\n\n<p><\/p>\n\n\n\n<p class=\"has-small-font-size\">Kuva: (C) Mirka Kivilahti<\/p>\n<\/div><\/div>\n\n\n\n<div class=\"wp-block-media-text has-media-on-the-right is-stacked-on-mobile\" style=\"grid-template-columns:auto 30%\"><div class=\"wp-block-media-text__content\">\n<p class=\"has-text-align-right\">FI* H\u00f6r\u00f6korva -Kyllikki<\/p>\n\n\n\n<p class=\"has-text-align-right\" style=\"margin-top:var(--wp--preset--spacing--20);margin-right:var(--wp--preset--spacing--20);margin-bottom:var(--wp--preset--spacing--20);margin-left:var(--wp--preset--spacing--20);font-size:15px\">OSH d 03 25, naaras<\/p>\n\n\n\n<p class=\"has-text-align-right\" style=\"margin-top:var(--wp--preset--spacing--20);margin-right:var(--wp--preset--spacing--20);margin-bottom:var(--wp--preset--spacing--20);margin-left:var(--wp--preset--spacing--20);font-size:15px\">Punatiketti bicolor it\u00e4mainen lyhytkarva variantti<\/p>\n\n\n\n<p class=\"has-text-align-right\" style=\"margin-top:var(--wp--preset--spacing--20);margin-right:var(--wp--preset--spacing--20);margin-bottom:var(--wp--preset--spacing--20);margin-left:var(--wp--preset--spacing--20);font-size:15px\">Kyllikki asuu Hyvink\u00e4\u00e4ll\u00e4<\/p>\n\n\n\n<p><\/p>\n\n\n\n<p class=\"has-text-align-right has-small-font-size\">Kuva: (C) Mirka Kivilahti<\/p>\n<\/div><figure class=\"wp-block-media-text__media\"><img loading=\"lazy\" decoding=\"async\" width=\"1000\" height=\"828\" src=\"https:\/\/horokorva.fi\/wp-content\/uploads\/2025\/10\/kylli.jpg\" alt=\"\" class=\"wp-image-1090 size-full\" srcset=\"https:\/\/horokorva.fi\/wp-content\/uploads\/2025\/10\/kylli.jpg 1000w, https:\/\/horokorva.fi\/wp-content\/uploads\/2025\/10\/kylli-300x248.jpg 300w, https:\/\/horokorva.fi\/wp-content\/uploads\/2025\/10\/kylli-768x636.jpg 768w\" sizes=\"auto, (max-width: 1000px) 100vw, 1000px\" \/><\/figure><\/div>\n\n\n\n<div class=\"wp-block-media-text is-stacked-on-mobile\" style=\"grid-template-columns:30% auto\"><figure class=\"wp-block-media-text__media\"><img loading=\"lazy\" decoding=\"async\" width=\"1000\" height=\"891\" src=\"https:\/\/horokorva.fi\/wp-content\/uploads\/2025\/10\/melinda.jpg\" alt=\"\" class=\"wp-image-1093 size-full\" srcset=\"https:\/\/horokorva.fi\/wp-content\/uploads\/2025\/10\/melinda.jpg 1000w, https:\/\/horokorva.fi\/wp-content\/uploads\/2025\/10\/melinda-300x267.jpg 300w, https:\/\/horokorva.fi\/wp-content\/uploads\/2025\/10\/melinda-768x684.jpg 768w\" sizes=\"auto, (max-width: 1000px) 100vw, 1000px\" \/><\/figure><div class=\"wp-block-media-text__content\">\n<p>FI* H\u00f6r\u00f6korva -Melinda<\/p>\n\n\n\n<p style=\"margin-top:var(--wp--preset--spacing--20);margin-right:var(--wp--preset--spacing--20);margin-bottom:var(--wp--preset--spacing--20);margin-left:var(--wp--preset--spacing--20);font-size:15px\">SIA d, naaras<\/p>\n\n\n\n<p style=\"margin-top:var(--wp--preset--spacing--20);margin-right:var(--wp--preset--spacing--20);margin-bottom:var(--wp--preset--spacing--20);margin-left:var(--wp--preset--spacing--20);font-size:15px\">Punanaamio siamilainen variantti<\/p>\n\n\n\n<p style=\"margin-top:var(--wp--preset--spacing--20);margin-right:var(--wp--preset--spacing--20);margin-bottom:var(--wp--preset--spacing--20);margin-left:var(--wp--preset--spacing--20);font-size:15px\"><a href=\"https:\/\/horokorva.fi\/index.php\/melli\/\" data-type=\"page\" data-id=\"1062\">Melli<\/a> j\u00e4\u00e4 kotiin<\/p>\n\n\n\n<p><\/p>\n\n\n\n<p class=\"has-small-font-size\">Kuva: (C) Mirka Kivilahti<\/p>\n<\/div><\/div>\n\n\n\n<div class=\"wp-block-media-text has-media-on-the-right is-stacked-on-mobile\" style=\"grid-template-columns:auto 30%\"><div class=\"wp-block-media-text__content\">\n<p class=\"has-text-align-right\">FI* H\u00f6r\u00f6korva -Teuvo<\/p>\n\n\n\n<p class=\"has-text-align-right\" style=\"margin-top:var(--wp--preset--spacing--20);margin-right:var(--wp--preset--spacing--20);margin-bottom:var(--wp--preset--spacing--20);margin-left:var(--wp--preset--spacing--20);font-size:15px\">SIA d 03, uros<\/p>\n\n\n\n<p class=\"has-text-align-right\" style=\"margin-top:var(--wp--preset--spacing--20);margin-right:var(--wp--preset--spacing--20);margin-bottom:var(--wp--preset--spacing--20);margin-left:var(--wp--preset--spacing--20);font-size:15px\">Punanaamio bicolor siamilainen variantti<\/p>\n\n\n\n<p class=\"has-text-align-right\" style=\"margin-top:var(--wp--preset--spacing--20);margin-right:var(--wp--preset--spacing--20);margin-bottom:var(--wp--preset--spacing--20);margin-left:var(--wp--preset--spacing--20);font-size:15px\"><a href=\"https:\/\/horokorva.fi\/index.php\/teuvo\/\" data-type=\"page\" data-id=\"1050\">Touho<\/a> on kissalan omistuksessa ja asuu Kuopiossa sijoituskodissa<\/p>\n\n\n\n<p><\/p>\n\n\n\n<p class=\"has-text-align-right has-small-font-size\">Kuva: (C) Mirka Kivilahti<\/p>\n<\/div><figure class=\"wp-block-media-text__media\"><img loading=\"lazy\" decoding=\"async\" width=\"682\" height=\"1024\" src=\"https:\/\/horokorva.fi\/wp-content\/uploads\/2025\/10\/teuvo-682x1024.jpg\" alt=\"\" class=\"wp-image-1096 size-full\" srcset=\"https:\/\/horokorva.fi\/wp-content\/uploads\/2025\/10\/teuvo-682x1024.jpg 682w, https:\/\/horokorva.fi\/wp-content\/uploads\/2025\/10\/teuvo-200x300.jpg 200w, https:\/\/horokorva.fi\/wp-content\/uploads\/2025\/10\/teuvo-768x1153.jpg 768w, https:\/\/horokorva.fi\/wp-content\/uploads\/2025\/10\/teuvo-1023x1536.jpg 1023w, https:\/\/horokorva.fi\/wp-content\/uploads\/2025\/10\/teuvo-1364x2048.jpg 1364w, https:\/\/horokorva.fi\/wp-content\/uploads\/2025\/10\/teuvo-scaled.jpg 1705w\" sizes=\"auto, (max-width: 682px) 100vw, 682px\" \/><\/figure><\/div>\n\n\n\n<div class=\"wp-block-media-text is-stacked-on-mobile\" style=\"grid-template-columns:30% auto\"><figure class=\"wp-block-media-text__media\"><img loading=\"lazy\" decoding=\"async\" width=\"1000\" height=\"666\" src=\"https:\/\/horokorva.fi\/wp-content\/uploads\/2025\/10\/marjis.jpg\" alt=\"\" class=\"wp-image-1097 size-full\" srcset=\"https:\/\/horokorva.fi\/wp-content\/uploads\/2025\/10\/marjis.jpg 1000w, https:\/\/horokorva.fi\/wp-content\/uploads\/2025\/10\/marjis-300x200.jpg 300w, https:\/\/horokorva.fi\/wp-content\/uploads\/2025\/10\/marjis-768x511.jpg 768w\" sizes=\"auto, (max-width: 1000px) 100vw, 1000px\" \/><\/figure><div class=\"wp-block-media-text__content\">\n<p>FI* H\u00f6r\u00f6korva -Marja-Leena<\/p>\n\n\n\n<p class=\"has-small-font-size\" style=\"margin-top:var(--wp--preset--spacing--20);margin-right:var(--wp--preset--spacing--20);margin-bottom:var(--wp--preset--spacing--20);margin-left:var(--wp--preset--spacing--20)\">OSH d 24, naaras<\/p>\n\n\n\n<p style=\"margin-top:var(--wp--preset--spacing--20);margin-right:var(--wp--preset--spacing--20);margin-bottom:var(--wp--preset--spacing--20);margin-left:var(--wp--preset--spacing--20);font-size:15px\">Punat\u00e4plik\u00e4s it\u00e4mainen lyhytkarva variantti<\/p>\n\n\n\n<p style=\"margin-top:var(--wp--preset--spacing--20);margin-right:var(--wp--preset--spacing--20);margin-bottom:var(--wp--preset--spacing--20);margin-left:var(--wp--preset--spacing--20);font-size:15px\">Marjis asustaa H\u00e4meenkyr\u00f6ss\u00e4<\/p>\n\n\n\n<p><\/p>\n\n\n\n<p class=\"has-small-font-size\">Kuva: (C) Mirka Kivilahti<\/p>\n<\/div><\/div>\n\n\n\n<p class=\"has-text-align-center\"><\/p>\n\n\n\n<figure class=\"wp-block-kadence-image kb-image676_c57906-db\"><img alt=\"\" class=\"kb-img\"\/><\/figure>\n\n\n\n<p><\/p>\n","protected":false},"excerpt":{"rendered":"<p>Leevi and the Leavingsit, s. 15.7.2025 \u00c4iti: KCH FI*H\u00f6r\u00f6korva -Anna, OLH q 03 25 Is\u00e4: FI* LoveOriental Aston Martin Valhalla, OSH d 03, Kasvattaja: Anzelika Vorobjova FI* H\u00f6r\u00f6korva -LauraJennaEllinooraAlexandraC OSH e 24, naarasCremet\u00e4plik\u00e4s it\u00e4mainen lyhytkarva variantti Laura, nyky\u00e4\u00e4n Muumin, asuu Ranskassa Kuva: (C) Mirka Kivilahti FI* H\u00f6r\u00f6korva -Kyllikki OSH d 03 25, naaras Punatiketti bicolor&#8230;<\/p>\n","protected":false},"author":1,"featured_media":0,"parent":0,"menu_order":0,"comment_status":"closed","ping_status":"closed","template":"","meta":{"_kad_post_transparent":"","_kad_post_title":"","_kad_post_layout":"narrow","_kad_post_sidebar_id":"","_kad_post_content_style":"","_kad_post_vertical_padding":"","_kad_post_feature":"","_kad_post_feature_position":"","_kad_post_header":false,"_kad_post_footer":false,"_kad_post_classname":"","footnotes":""},"class_list":["post-676","page","type-page","status-publish","hentry"],"_links":{"self":[{"href":"https:\/\/horokorva.fi\/index.php\/wp-json\/wp\/v2\/pages\/676","targetHints":{"allow":["GET"]}}],"collection":[{"href":"https:\/\/horokorva.fi\/index.php\/wp-json\/wp\/v2\/pages"}],"about":[{"href":"https:\/\/horokorva.fi\/index.php\/wp-json\/wp\/v2\/types\/page"}],"author":[{"embeddable":true,"href":"https:\/\/horokorva.fi\/index.php\/wp-json\/wp\/v2\/users\/1"}],"replies":[{"embeddable":true,"href":"https:\/\/horokorva.fi\/index.php\/wp-json\/wp\/v2\/comments?post=676"}],"version-history":[{"count":41,"href":"https:\/\/horokorva.fi\/index.php\/wp-json\/wp\/v2\/pages\/676\/revisions"}],"predecessor-version":[{"id":1323,"href":"https:\/\/horokorva.fi\/index.php\/wp-json\/wp\/v2\/pages\/676\/revisions\/1323"}],"wp:attachment":[{"href":"https:\/\/horokorva.fi\/index.php\/wp-json\/wp\/v2\/media?parent=676"}],"curies":[{"name":"wp","href":"https:\/\/api.w.org\/{rel}","templated":true}]}}