{"id":679,"date":"2025-05-01T16:46:21","date_gmt":"2025-05-01T16:46:21","guid":{"rendered":"https:\/\/horokorva.fi\/?page_id=679"},"modified":"2025-05-30T11:02:34","modified_gmt":"2025-05-30T11:02:34","slug":"swedish-house-mafia","status":"publish","type":"page","link":"https:\/\/horokorva.fi\/index.php\/swedish-house-mafia\/","title":{"rendered":"Swedish House Mafia"},"content":{"rendered":"\n<p><\/p>\n\n\n\n<h2 class=\"wp-block-heading has-text-align-center\"><strong><strong>Swedish House Mafia, s. 15.4.2024<\/strong><\/strong><\/h2>\n\n\n\n<p><\/p>\n\n\n\n<div class=\"wp-block-kadence-image kb-image679_3ed31c-95\"><figure class=\"alignleft size-medium\"><img loading=\"lazy\" decoding=\"async\" width=\"214\" height=\"300\" src=\"https:\/\/horokorva.fi\/wp-content\/uploads\/2025\/05\/ellivauvat-214x300.jpg\" alt=\"\" class=\"kb-img wp-image-737\" srcset=\"https:\/\/horokorva.fi\/wp-content\/uploads\/2025\/05\/ellivauvat-214x300.jpg 214w, https:\/\/horokorva.fi\/wp-content\/uploads\/2025\/05\/ellivauvat-731x1024.jpg 731w, https:\/\/horokorva.fi\/wp-content\/uploads\/2025\/05\/ellivauvat-768x1075.jpg 768w, https:\/\/horokorva.fi\/wp-content\/uploads\/2025\/05\/ellivauvat.jpg 1097w\" sizes=\"auto, (max-width: 214px) 100vw, 214px\" \/><figcaption>(C) Virpi Rannikko<\/figcaption><\/figure><\/div>\n\n\n\n<div class=\"wp-block-kadence-image kb-image679_b18c2d-6c\"><figure class=\"alignright size-medium\"><img loading=\"lazy\" decoding=\"async\" width=\"210\" height=\"300\" src=\"https:\/\/horokorva.fi\/wp-content\/uploads\/2025\/05\/jussi2-210x300.jpg\" alt=\"\" class=\"kb-img wp-image-765\" srcset=\"https:\/\/horokorva.fi\/wp-content\/uploads\/2025\/05\/jussi2-210x300.jpg 210w, https:\/\/horokorva.fi\/wp-content\/uploads\/2025\/05\/jussi2.jpg 700w\" sizes=\"auto, (max-width: 210px) 100vw, 210px\" \/><figcaption>(C) Tessa<\/figcaption><\/figure><\/div>\n\n\n\n<p><\/p>\n\n\n\n<p><\/p>\n\n\n\n<p class=\"has-text-align-left\" style=\"margin-top:var(--wp--preset--spacing--20);margin-right:var(--wp--preset--spacing--20);margin-bottom:var(--wp--preset--spacing--20);margin-left:var(--wp--preset--spacing--20);font-size:15px\">\u00c4iti: <a href=\"https:\/\/horokorva.fi\/index.php\/elli\/\" data-type=\"page\" data-id=\"499\">SE* Alchemillas Elira<\/a>, BAL o 21<\/p>\n\n\n\n<p class=\"has-text-align-right\" style=\"margin-top:var(--wp--preset--spacing--20);margin-right:var(--wp--preset--spacing--20);margin-bottom:var(--wp--preset--spacing--20);margin-left:var(--wp--preset--spacing--20);font-size:15px\"><br>Is\u00e4: <a href=\"https:\/\/kissat.kissaliitto.fi\/perusnaytto_kissa.aspx?id=313920\" data-type=\"link\" data-id=\"https:\/\/kissat.kissaliitto.fi\/perusnaytto_kissa.aspx?id=313920\" target=\"_blank\" rel=\"noreferrer noopener\">SE*Torparkattens Love<\/a>, OLH d 02 21<\/p>\n\n\n\n<p class=\"has-text-align-right\" style=\"margin-top:var(--wp--preset--spacing--20);margin-right:var(--wp--preset--spacing--20);margin-bottom:var(--wp--preset--spacing--20);margin-left:var(--wp--preset--spacing--20);font-size:14px\">Omistaja: Sanna Hieta, FI* Batlandias<\/p>\n\n\n\n<p class=\"has-text-align-right\" style=\"margin-top:var(--wp--preset--spacing--20);margin-right:var(--wp--preset--spacing--20);margin-bottom:var(--wp--preset--spacing--20);margin-left:var(--wp--preset--spacing--20);font-size:14px\">Kasvattaja: Anna-Lena Holmberg-\u00d6rtengren, SE* Torparkattens<\/p>\n\n\n\n<p><\/p>\n\n\n\n<p><\/p>\n\n\n\n<p><\/p>\n\n\n\n<p><\/p>\n\n\n\n<pre class=\"wp-block-code\"><code> \n  \n \n\n \n\n \n <\/code><\/pre>\n\n\n\n<div class=\"wp-block-kadence-spacer aligncenter kt-block-spacer-679_359228-e0\"><div class=\"kt-block-spacer kt-block-spacer-halign-center\"><hr class=\"kt-divider\"\/><\/div><\/div>\n\n\n\n<div class=\"wp-block-media-text is-stacked-on-mobile\" style=\"grid-template-columns:30% auto\"><figure class=\"wp-block-media-text__media\"><img loading=\"lazy\" decoding=\"async\" width=\"768\" height=\"1024\" src=\"https:\/\/horokorva.fi\/wp-content\/uploads\/2025\/05\/ake-768x1024.jpg\" alt=\"\" class=\"wp-image-766 size-full\" srcset=\"https:\/\/horokorva.fi\/wp-content\/uploads\/2025\/05\/ake-768x1024.jpg 768w, https:\/\/horokorva.fi\/wp-content\/uploads\/2025\/05\/ake-225x300.jpg 225w, https:\/\/horokorva.fi\/wp-content\/uploads\/2025\/05\/ake-1152x1536.jpg 1152w, https:\/\/horokorva.fi\/wp-content\/uploads\/2025\/05\/ake.jpg 1536w\" sizes=\"auto, (max-width: 768px) 100vw, 768px\" \/><\/figure><div class=\"wp-block-media-text__content\">\n<p class=\"has-text-align-left\">FI* H\u00f6r\u00f6korva -\u00c5ke<\/p>\n\n\n\n<p style=\"margin-top:var(--wp--preset--spacing--20);margin-right:var(--wp--preset--spacing--20);margin-bottom:var(--wp--preset--spacing--20);margin-left:var(--wp--preset--spacing--20);font-size:15px\">OLH o 25, uros<br>Kanelitiketti it\u00e4mainen pitk\u00e4karva<\/p>\n\n\n\n<p style=\"margin-top:var(--wp--preset--spacing--20);margin-right:var(--wp--preset--spacing--20);margin-bottom:var(--wp--preset--spacing--20);margin-left:var(--wp--preset--spacing--20);font-size:15px\">\u00c5ke asustaa Helsingiss\u00e4<\/p>\n\n\n\n<p class=\"has-small-font-size\">Kuva: (C) Emilia Willgr\u00e9n<\/p>\n\n\n\n<p><\/p>\n<\/div><\/div>\n\n\n\n<div class=\"wp-block-media-text has-media-on-the-right is-stacked-on-mobile\" style=\"grid-template-columns:auto 30%\"><div class=\"wp-block-media-text__content\">\n<p class=\"has-text-align-right\">FI* H\u00f6r\u00f6korva -Astrid<\/p>\n\n\n\n<p class=\"has-text-align-right\" style=\"margin-top:var(--wp--preset--spacing--20);margin-right:var(--wp--preset--spacing--20);margin-bottom:var(--wp--preset--spacing--20);margin-left:var(--wp--preset--spacing--20);font-size:15px\">OLH r 25, naaras<\/p>\n\n\n\n<p class=\"has-text-align-right\" style=\"margin-top:var(--wp--preset--spacing--20);margin-right:var(--wp--preset--spacing--20);margin-bottom:var(--wp--preset--spacing--20);margin-left:var(--wp--preset--spacing--20);font-size:15px\">Beigekilpikonna ticked tabby it\u00f6mainen pitk\u00e4karva<\/p>\n\n\n\n<p class=\"has-text-align-right\" style=\"margin-top:var(--wp--preset--spacing--20);margin-right:var(--wp--preset--spacing--20);margin-bottom:var(--wp--preset--spacing--20);margin-left:var(--wp--preset--spacing--20);font-size:15px\">Astrid menehtyi 8,5-viikkoisena<\/p>\n<\/div><figure class=\"wp-block-media-text__media\"><img loading=\"lazy\" decoding=\"async\" width=\"902\" height=\"1024\" src=\"https:\/\/horokorva.fi\/wp-content\/uploads\/2025\/05\/astrid-902x1024.jpg\" alt=\"\" class=\"wp-image-767 size-full\" srcset=\"https:\/\/horokorva.fi\/wp-content\/uploads\/2025\/05\/astrid-902x1024.jpg 902w, https:\/\/horokorva.fi\/wp-content\/uploads\/2025\/05\/astrid-264x300.jpg 264w, https:\/\/horokorva.fi\/wp-content\/uploads\/2025\/05\/astrid-768x872.jpg 768w, https:\/\/horokorva.fi\/wp-content\/uploads\/2025\/05\/astrid-1353x1536.jpg 1353w, https:\/\/horokorva.fi\/wp-content\/uploads\/2025\/05\/astrid.jpg 1804w\" sizes=\"auto, (max-width: 902px) 100vw, 902px\" \/><\/figure><\/div>\n\n\n\n<div class=\"wp-block-media-text is-stacked-on-mobile\" style=\"grid-template-columns:30% auto\"><figure class=\"wp-block-media-text__media\"><img loading=\"lazy\" decoding=\"async\" width=\"1022\" height=\"1024\" src=\"https:\/\/horokorva.fi\/wp-content\/uploads\/2025\/05\/agnes-1022x1024.jpg\" alt=\"\" class=\"wp-image-769 size-full\" srcset=\"https:\/\/horokorva.fi\/wp-content\/uploads\/2025\/05\/agnes-1022x1024.jpg 1022w, https:\/\/horokorva.fi\/wp-content\/uploads\/2025\/05\/agnes-300x300.jpg 300w, https:\/\/horokorva.fi\/wp-content\/uploads\/2025\/05\/agnes-150x150.jpg 150w, https:\/\/horokorva.fi\/wp-content\/uploads\/2025\/05\/agnes-768x769.jpg 768w, https:\/\/horokorva.fi\/wp-content\/uploads\/2025\/05\/agnes.jpg 1170w\" sizes=\"auto, (max-width: 1022px) 100vw, 1022px\" \/><\/figure><div class=\"wp-block-media-text__content\">\n<p>FI* H\u00f6r\u00f6korva -Agnes<\/p>\n\n\n\n<p style=\"margin-top:var(--wp--preset--spacing--20);margin-right:var(--wp--preset--spacing--20);margin-bottom:var(--wp--preset--spacing--20);margin-left:var(--wp--preset--spacing--20);font-size:15px\">OLH q 25, naaras<\/p>\n\n\n\n<p style=\"margin-top:var(--wp--preset--spacing--20);margin-right:var(--wp--preset--spacing--20);margin-bottom:var(--wp--preset--spacing--20);margin-left:var(--wp--preset--spacing--20);font-size:15px\">Kanelikilpikonna ticked tabby it\u00e4mainen pitk\u00e4karva<\/p>\n\n\n\n<p style=\"margin-top:var(--wp--preset--spacing--20);margin-right:var(--wp--preset--spacing--20);margin-bottom:var(--wp--preset--spacing--20);margin-left:var(--wp--preset--spacing--20);font-size:15px\">Agnes asustaa Ranskassa<\/p>\n\n\n\n<p class=\"has-small-font-size\">Kuva: (C) Serge Pii<\/p>\n<\/div><\/div>\n\n\n\n<div class=\"wp-block-media-text has-media-on-the-right is-stacked-on-mobile\" style=\"grid-template-columns:auto 30%\"><div class=\"wp-block-media-text__content\">\n<p class=\"has-text-align-right\">FI* H\u00f6r\u00f6korva -Anna<\/p>\n\n\n\n<p class=\"has-text-align-right\" style=\"margin-top:var(--wp--preset--spacing--20);margin-right:var(--wp--preset--spacing--20);margin-bottom:var(--wp--preset--spacing--20);margin-left:var(--wp--preset--spacing--20);font-size:15px\">OLH q 03 25, naaras<\/p>\n\n\n\n<p class=\"has-text-align-right\" style=\"margin-top:var(--wp--preset--spacing--20);margin-right:var(--wp--preset--spacing--20);margin-bottom:var(--wp--preset--spacing--20);margin-left:var(--wp--preset--spacing--20);font-size:15px\">Kanelikilpikonna ticked tabby bicolour it\u00e4mainen pitk\u00e4karva<\/p>\n\n\n\n<p class=\"has-text-align-right\" style=\"margin-top:var(--wp--preset--spacing--20);margin-right:var(--wp--preset--spacing--20);margin-bottom:var(--wp--preset--spacing--20);margin-left:var(--wp--preset--spacing--20);font-size:15px\">Anna asuu synnyinkodissaa ja toivottavasti joskus jatkaa sukuaan<\/p>\n<\/div><figure class=\"wp-block-media-text__media\"><img loading=\"lazy\" decoding=\"async\" width=\"897\" height=\"1024\" src=\"https:\/\/horokorva.fi\/wp-content\/uploads\/2025\/05\/anna2-897x1024.jpg\" alt=\"\" class=\"wp-image-770 size-full\" srcset=\"https:\/\/horokorva.fi\/wp-content\/uploads\/2025\/05\/anna2-897x1024.jpg 897w, https:\/\/horokorva.fi\/wp-content\/uploads\/2025\/05\/anna2-263x300.jpg 263w, https:\/\/horokorva.fi\/wp-content\/uploads\/2025\/05\/anna2-768x877.jpg 768w, https:\/\/horokorva.fi\/wp-content\/uploads\/2025\/05\/anna2-1346x1536.jpg 1346w, https:\/\/horokorva.fi\/wp-content\/uploads\/2025\/05\/anna2.jpg 1794w\" sizes=\"auto, (max-width: 897px) 100vw, 897px\" \/><\/figure><\/div>\n\n\n\n<p><\/p>\n\n\n\n<div class=\"wp-block-columns is-layout-flex wp-container-core-columns-is-layout-9d6595d7 wp-block-columns-is-layout-flex\">\n<div class=\"wp-block-column is-layout-flow wp-block-column-is-layout-flow\" style=\"flex-basis:100%\"><\/div>\n<\/div>\n\n\n\n<p class=\"has-text-align-center\" style=\"margin-top:var(--wp--preset--spacing--20);margin-right:var(--wp--preset--spacing--20);margin-bottom:var(--wp--preset--spacing--20);margin-left:var(--wp--preset--spacing--20)\"> <br> <br><\/p>\n","protected":false},"excerpt":{"rendered":"<p>Swedish House Mafia, s. 15.4.2024 \u00c4iti: SE* Alchemillas Elira, BAL o 21 Is\u00e4: SE*Torparkattens Love, OLH d 02 21 Omistaja: Sanna Hieta, FI* Batlandias Kasvattaja: Anna-Lena Holmberg-\u00d6rtengren, SE* Torparkattens FI* H\u00f6r\u00f6korva -\u00c5ke OLH o 25, urosKanelitiketti it\u00e4mainen pitk\u00e4karva \u00c5ke asustaa Helsingiss\u00e4 Kuva: (C) Emilia Willgr\u00e9n FI* H\u00f6r\u00f6korva -Astrid OLH r 25, naaras Beigekilpikonna ticked tabby&#8230;<\/p>\n","protected":false},"author":1,"featured_media":0,"parent":0,"menu_order":0,"comment_status":"closed","ping_status":"closed","template":"","meta":{"_kad_post_transparent":"","_kad_post_title":"","_kad_post_layout":"narrow","_kad_post_sidebar_id":"","_kad_post_content_style":"","_kad_post_vertical_padding":"","_kad_post_feature":"","_kad_post_feature_position":"","_kad_post_header":false,"_kad_post_footer":false,"_kad_post_classname":"","footnotes":""},"class_list":["post-679","page","type-page","status-publish","hentry"],"_links":{"self":[{"href":"https:\/\/horokorva.fi\/index.php\/wp-json\/wp\/v2\/pages\/679","targetHints":{"allow":["GET"]}}],"collection":[{"href":"https:\/\/horokorva.fi\/index.php\/wp-json\/wp\/v2\/pages"}],"about":[{"href":"https:\/\/horokorva.fi\/index.php\/wp-json\/wp\/v2\/types\/page"}],"author":[{"embeddable":true,"href":"https:\/\/horokorva.fi\/index.php\/wp-json\/wp\/v2\/users\/1"}],"replies":[{"embeddable":true,"href":"https:\/\/horokorva.fi\/index.php\/wp-json\/wp\/v2\/comments?post=679"}],"version-history":[{"count":31,"href":"https:\/\/horokorva.fi\/index.php\/wp-json\/wp\/v2\/pages\/679\/revisions"}],"predecessor-version":[{"id":992,"href":"https:\/\/horokorva.fi\/index.php\/wp-json\/wp\/v2\/pages\/679\/revisions\/992"}],"wp:attachment":[{"href":"https:\/\/horokorva.fi\/index.php\/wp-json\/wp\/v2\/media?parent=679"}],"curies":[{"name":"wp","href":"https:\/\/api.w.org\/{rel}","templated":true}]}}