{"id":681,"date":"2025-05-01T16:46:21","date_gmt":"2025-05-01T16:46:21","guid":{"rendered":"https:\/\/horokorva.fi\/?page_id=681"},"modified":"2025-05-30T11:03:39","modified_gmt":"2025-05-30T11:03:39","slug":"rokkitassu-pentue","status":"publish","type":"page","link":"https:\/\/horokorva.fi\/index.php\/rokkitassu-pentue\/","title":{"rendered":"Rokkitassu-pentue"},"content":{"rendered":"\n<p><\/p>\n\n\n\n<h2 class=\"wp-block-heading has-text-align-center\"><strong>Rokkitassut, s. 11.2.2023<\/strong><\/h2>\n\n\n\n<p class=\"has-text-align-center\">Pentue on meill\u00e4 syntynyt sijoituspentue, kasvattaja Lilja Nyberg, FI*Rokkitassu<\/p>\n\n\n\n<p><\/p>\n\n\n\n<div class=\"wp-block-kadence-image kb-image681_2a14ea-b3\"><figure class=\"alignleft size-medium\"><img loading=\"lazy\" decoding=\"async\" width=\"209\" height=\"300\" src=\"https:\/\/horokorva.fi\/wp-content\/uploads\/2025\/05\/amalia-209x300.jpg\" alt=\"\" class=\"kb-img wp-image-667\" srcset=\"https:\/\/horokorva.fi\/wp-content\/uploads\/2025\/05\/amalia-209x300.jpg 209w, https:\/\/horokorva.fi\/wp-content\/uploads\/2025\/05\/amalia-712x1024.jpg 712w, https:\/\/horokorva.fi\/wp-content\/uploads\/2025\/05\/amalia-768x1104.jpg 768w, https:\/\/horokorva.fi\/wp-content\/uploads\/2025\/05\/amalia-1068x1536.jpg 1068w, https:\/\/horokorva.fi\/wp-content\/uploads\/2025\/05\/amalia.jpg 1391w\" sizes=\"auto, (max-width: 209px) 100vw, 209px\" \/><\/figure><\/div>\n\n\n\n<div class=\"wp-block-kadence-image kb-image681_1a6356-41\"><figure class=\"alignright size-medium\"><img loading=\"lazy\" decoding=\"async\" width=\"210\" height=\"300\" src=\"https:\/\/horokorva.fi\/wp-content\/uploads\/2025\/05\/monroe-210x300.jpg\" alt=\"\" class=\"kb-img wp-image-849\" srcset=\"https:\/\/horokorva.fi\/wp-content\/uploads\/2025\/05\/monroe-210x300.jpg 210w, https:\/\/horokorva.fi\/wp-content\/uploads\/2025\/05\/monroe-717x1024.jpg 717w, https:\/\/horokorva.fi\/wp-content\/uploads\/2025\/05\/monroe-768x1097.jpg 768w, https:\/\/horokorva.fi\/wp-content\/uploads\/2025\/05\/monroe-1076x1536.jpg 1076w, https:\/\/horokorva.fi\/wp-content\/uploads\/2025\/05\/monroe.jpg 1434w\" sizes=\"auto, (max-width: 210px) 100vw, 210px\" \/><figcaption>(C) Lilja Nyberg<\/figcaption><\/figure><\/div>\n\n\n\n<p><\/p>\n\n\n\n<p class=\"has-text-align-left\" style=\"margin-top:var(--wp--preset--spacing--20);margin-right:var(--wp--preset--spacing--20);margin-bottom:var(--wp--preset--spacing--20);margin-left:var(--wp--preset--spacing--20);font-size:15px\">\u00c4iti: <a href=\"https:\/\/horokorva.fi\/index.php\/amalia\/\" data-type=\"page\" data-id=\"643\">FI*Rokkitassu Taivaskin Kirkastuu<\/a>, OSH o<\/p>\n\n\n\n<p class=\"has-text-align-left\" style=\"margin-top:var(--wp--preset--spacing--20);margin-right:var(--wp--preset--spacing--20);margin-bottom:var(--wp--preset--spacing--20);margin-left:var(--wp--preset--spacing--20)\"><br><\/p>\n\n\n\n<p class=\"has-text-align-right\" style=\"margin-top:var(--wp--preset--spacing--20);margin-right:var(--wp--preset--spacing--20);margin-bottom:var(--wp--preset--spacing--20);margin-left:var(--wp--preset--spacing--20);font-size:15px\">Is\u00e4: <a href=\"https:\/\/kissat.kissaliitto.fi\/perusnaytto_kissa.aspx?id=295520\" target=\"_blank\" rel=\"noreferrer noopener\">Popoliinan Aito Monroe<\/a>, OLH o<\/p>\n\n\n\n<p class=\"has-text-align-right\" style=\"margin-top:var(--wp--preset--spacing--20);margin-right:var(--wp--preset--spacing--20);margin-bottom:var(--wp--preset--spacing--20);margin-left:var(--wp--preset--spacing--20);font-size:15px\">Omistaja: Lilja Nyberg, FI* Rokkitassu<\/p>\n\n\n\n<p class=\"has-text-align-right\" style=\"margin-top:var(--wp--preset--spacing--20);margin-right:var(--wp--preset--spacing--20);margin-bottom:var(--wp--preset--spacing--20);margin-left:var(--wp--preset--spacing--20);font-size:15px\">Kasvattaja: Kirsi Kollanus-B\u00f6\u00f6s, FI* Popoliinan<\/p>\n\n\n\n<p><\/p>\n\n\n\n<p class=\"has-text-align-right\" style=\"margin-top:var(--wp--preset--spacing--20);margin-right:var(--wp--preset--spacing--20);margin-bottom:var(--wp--preset--spacing--20);margin-left:var(--wp--preset--spacing--20);font-size:15px\"><\/p>\n\n\n\n<p><\/p>\n\n\n\n<p><\/p>\n\n\n\n<p><\/p>\n\n\n\n<p><\/p>\n\n\n\n<p><\/p>\n\n\n\n<pre class=\"wp-block-code\"><code> \n  \n \n\n \n\n\n\n\n\n \n <\/code><\/pre>\n\n\n\n<div class=\"wp-block-kadence-spacer aligncenter kt-block-spacer-681_1c31ff-2f\"><div class=\"kt-block-spacer kt-block-spacer-halign-center\"><hr class=\"kt-divider\"\/><\/div><\/div>\n\n\n\n<div class=\"wp-block-media-text is-stacked-on-mobile\" style=\"grid-template-columns:29% auto\"><figure class=\"wp-block-media-text__media\"><img loading=\"lazy\" decoding=\"async\" width=\"712\" height=\"864\" src=\"https:\/\/horokorva.fi\/wp-content\/uploads\/2025\/05\/jaska.jpg\" alt=\"\" class=\"wp-image-855 size-full\" srcset=\"https:\/\/horokorva.fi\/wp-content\/uploads\/2025\/05\/jaska.jpg 712w, https:\/\/horokorva.fi\/wp-content\/uploads\/2025\/05\/jaska-247x300.jpg 247w\" sizes=\"auto, (max-width: 712px) 100vw, 712px\" \/><\/figure><div class=\"wp-block-media-text__content\">\n<p class=\"has-text-align-left has-medium-font-size\">FI*Rokkitassu Valonkantaja<\/p>\n\n\n\n<p class=\"has-text-align-left\" style=\"margin-top:var(--wp--preset--spacing--20);margin-right:var(--wp--preset--spacing--20);margin-bottom:var(--wp--preset--spacing--20);margin-left:var(--wp--preset--spacing--20);font-size:15px\">BAL o, uros<\/p>\n\n\n\n<p class=\"has-text-align-left\" style=\"margin-top:var(--wp--preset--spacing--20);margin-right:var(--wp--preset--spacing--20);margin-bottom:var(--wp--preset--spacing--20);margin-left:var(--wp--preset--spacing--20);font-size:15px\">Kanelinaamio balineesi<br>Jaska asuu Ranskassa<\/p>\n<\/div><\/div>\n\n\n\n<div class=\"wp-block-media-text has-media-on-the-right is-stacked-on-mobile\" style=\"grid-template-columns:auto 30%\"><div class=\"wp-block-media-text__content\">\n<p class=\"has-text-align-right\">FI*Rokkitassu Oikee Asenne<\/p>\n\n\n\n<p class=\"has-text-align-right\" style=\"margin-top:var(--wp--preset--spacing--20);margin-right:var(--wp--preset--spacing--20);margin-bottom:var(--wp--preset--spacing--20);margin-left:var(--wp--preset--spacing--20);font-size:15px\">OSH o, uros<\/p>\n\n\n\n<p class=\"has-text-align-right\" style=\"margin-top:var(--wp--preset--spacing--20);margin-right:var(--wp--preset--spacing--20);margin-bottom:var(--wp--preset--spacing--20);margin-left:var(--wp--preset--spacing--20);font-size:15px\">Kaneli it\u00e4mainen lyhytkarva<\/p>\n\n\n\n<p class=\"has-text-align-right\" style=\"margin-top:var(--wp--preset--spacing--20);margin-right:var(--wp--preset--spacing--20);margin-bottom:var(--wp--preset--spacing--20);margin-left:var(--wp--preset--spacing--20);font-size:15px\">Taneli asustaa Tampereella<\/p>\n\n\n\n<h3 class=\"wp-block-heading\" id=\"wnd_TextBlock_999812793_inner_1\">&nbsp;<\/h3>\n\n\n\n<p class=\"has-text-align-right has-small-font-size\" style=\"margin-top:var(--wp--preset--spacing--20);margin-right:var(--wp--preset--spacing--20);margin-bottom:var(--wp--preset--spacing--20);margin-left:var(--wp--preset--spacing--20)\"><\/p>\n<\/div><figure class=\"wp-block-media-text__media\"><img loading=\"lazy\" decoding=\"async\" width=\"708\" height=\"638\" src=\"https:\/\/horokorva.fi\/wp-content\/uploads\/2025\/05\/taneli.png\" alt=\"\" class=\"wp-image-857 size-full\" srcset=\"https:\/\/horokorva.fi\/wp-content\/uploads\/2025\/05\/taneli.png 708w, https:\/\/horokorva.fi\/wp-content\/uploads\/2025\/05\/taneli-300x270.png 300w\" sizes=\"auto, (max-width: 708px) 100vw, 708px\" \/><\/figure><\/div>\n\n\n\n<div class=\"wp-block-media-text is-stacked-on-mobile\" style=\"grid-template-columns:30% auto\"><figure class=\"wp-block-media-text__media\"><img loading=\"lazy\" decoding=\"async\" width=\"705\" height=\"957\" src=\"https:\/\/horokorva.fi\/wp-content\/uploads\/2025\/05\/myy.png\" alt=\"\" class=\"wp-image-859 size-full\" srcset=\"https:\/\/horokorva.fi\/wp-content\/uploads\/2025\/05\/myy.png 705w, https:\/\/horokorva.fi\/wp-content\/uploads\/2025\/05\/myy-221x300.png 221w\" sizes=\"auto, (max-width: 705px) 100vw, 705px\" \/><\/figure><div class=\"wp-block-media-text__content\">\n<p>FI*Rokkitassu Keskiy\u00f6n Tanssi<\/p>\n\n\n\n<p style=\"margin-top:var(--wp--preset--spacing--20);margin-right:var(--wp--preset--spacing--20);margin-bottom:var(--wp--preset--spacing--20);margin-left:var(--wp--preset--spacing--20);font-size:15px\">SIA o, naaras<\/p>\n\n\n\n<p style=\"margin-top:var(--wp--preset--spacing--20);margin-right:var(--wp--preset--spacing--20);margin-bottom:var(--wp--preset--spacing--20);margin-left:var(--wp--preset--spacing--20);font-size:15px\">Kanelinaamio siamilainen<\/p>\n\n\n\n<p style=\"margin-top:var(--wp--preset--spacing--20);margin-right:var(--wp--preset--spacing--20);margin-bottom:var(--wp--preset--spacing--20);margin-left:var(--wp--preset--spacing--20);font-size:15px\">Myy asuu Tampereella<\/p>\n\n\n\n<h1 class=\"wp-block-heading\" id=\"wnd_TextBlock_81718607_inner_0\">&nbsp;<\/h1>\n\n\n\n<p id=\"wnd_TextBlock_81718607_inner_2\"><\/p>\n<\/div><\/div>\n\n\n\n<div class=\"wp-block-media-text has-media-on-the-right is-stacked-on-mobile\" style=\"grid-template-columns:auto 30%\"><div class=\"wp-block-media-text__content\">\n<p class=\"has-text-align-right\">FI*Rokkitassu Hengataan Essolla<\/p>\n\n\n\n<p class=\"has-text-align-right\" style=\"margin-top:var(--wp--preset--spacing--20);margin-right:var(--wp--preset--spacing--20);margin-bottom:var(--wp--preset--spacing--20);margin-left:var(--wp--preset--spacing--20);font-size:15px\">OLH o, uros<\/p>\n\n\n\n<p class=\"has-text-align-right\" style=\"margin-top:var(--wp--preset--spacing--20);margin-right:var(--wp--preset--spacing--20);margin-bottom:var(--wp--preset--spacing--20);margin-left:var(--wp--preset--spacing--20);font-size:15px\">Kaneli it\u00e4mainen pitk\u00e4karva<\/p>\n\n\n\n<p class=\"has-text-align-right\" style=\"margin-top:var(--wp--preset--spacing--20);margin-right:var(--wp--preset--spacing--20);margin-bottom:var(--wp--preset--spacing--20);margin-left:var(--wp--preset--spacing--20);font-size:15px\">Mucho asuu Kuopiossa<\/p>\n\n\n\n<h1 class=\"wp-block-heading\" id=\"wnd_TextBlock_914881171_inner_0\"><strong>&nbsp;<\/strong><\/h1>\n\n\n\n<p><\/p>\n<\/div><figure class=\"wp-block-media-text__media\"><img loading=\"lazy\" decoding=\"async\" width=\"685\" height=\"892\" src=\"https:\/\/horokorva.fi\/wp-content\/uploads\/2025\/05\/mucho.png\" alt=\"\" class=\"wp-image-860 size-full\" srcset=\"https:\/\/horokorva.fi\/wp-content\/uploads\/2025\/05\/mucho.png 685w, https:\/\/horokorva.fi\/wp-content\/uploads\/2025\/05\/mucho-230x300.png 230w\" sizes=\"auto, (max-width: 685px) 100vw, 685px\" \/><\/figure><\/div>\n\n\n\n<div class=\"wp-block-media-text is-stacked-on-mobile\" style=\"grid-template-columns:30% auto\"><figure class=\"wp-block-media-text__media\"><img loading=\"lazy\" decoding=\"async\" width=\"709\" height=\"892\" src=\"https:\/\/horokorva.fi\/wp-content\/uploads\/2025\/05\/jermakki.png\" alt=\"\" class=\"wp-image-861 size-full\" srcset=\"https:\/\/horokorva.fi\/wp-content\/uploads\/2025\/05\/jermakki.png 709w, https:\/\/horokorva.fi\/wp-content\/uploads\/2025\/05\/jermakki-238x300.png 238w\" sizes=\"auto, (max-width: 709px) 100vw, 709px\" \/><\/figure><div class=\"wp-block-media-text__content\">\n<p>Fi*Rokkitassu Bailaten Koko El\u00e4m\u00e4<\/p>\n\n\n\n<p style=\"margin-top:var(--wp--preset--spacing--20);margin-right:var(--wp--preset--spacing--20);margin-bottom:var(--wp--preset--spacing--20);margin-left:var(--wp--preset--spacing--20);font-size:15px\">OLH o, uros<\/p>\n\n\n\n<p style=\"margin-top:var(--wp--preset--spacing--20);margin-right:var(--wp--preset--spacing--20);margin-bottom:var(--wp--preset--spacing--20);margin-left:var(--wp--preset--spacing--20);font-size:15px\">Kaneli it\u00e4mainen pitk\u00e4karva<\/p>\n\n\n\n<p style=\"margin-top:var(--wp--preset--spacing--20);margin-right:var(--wp--preset--spacing--20);margin-bottom:var(--wp--preset--spacing--20);margin-left:var(--wp--preset--spacing--20);font-size:15px\">Jermakki asuu Ranskassa<\/p>\n\n\n\n<p id=\"wnd_TextBlock_425874102_inner_2\"><\/p>\n<\/div><\/div>\n","protected":false},"excerpt":{"rendered":"<p>Rokkitassut, s. 11.2.2023 Pentue on meill\u00e4 syntynyt sijoituspentue, kasvattaja Lilja Nyberg, FI*Rokkitassu \u00c4iti: FI*Rokkitassu Taivaskin Kirkastuu, OSH o Is\u00e4: Popoliinan Aito Monroe, OLH o Omistaja: Lilja Nyberg, FI* Rokkitassu Kasvattaja: Kirsi Kollanus-B\u00f6\u00f6s, FI* Popoliinan FI*Rokkitassu Valonkantaja BAL o, uros Kanelinaamio balineesiJaska asuu Ranskassa FI*Rokkitassu Oikee Asenne OSH o, uros Kaneli it\u00e4mainen lyhytkarva Taneli asustaa Tampereella&#8230;<\/p>\n","protected":false},"author":1,"featured_media":0,"parent":0,"menu_order":0,"comment_status":"closed","ping_status":"closed","template":"","meta":{"_kad_post_transparent":"","_kad_post_title":"","_kad_post_layout":"narrow","_kad_post_sidebar_id":"","_kad_post_content_style":"","_kad_post_vertical_padding":"","_kad_post_feature":"","_kad_post_feature_position":"","_kad_post_header":false,"_kad_post_footer":false,"_kad_post_classname":"","footnotes":""},"class_list":["post-681","page","type-page","status-publish","hentry"],"_links":{"self":[{"href":"https:\/\/horokorva.fi\/index.php\/wp-json\/wp\/v2\/pages\/681","targetHints":{"allow":["GET"]}}],"collection":[{"href":"https:\/\/horokorva.fi\/index.php\/wp-json\/wp\/v2\/pages"}],"about":[{"href":"https:\/\/horokorva.fi\/index.php\/wp-json\/wp\/v2\/types\/page"}],"author":[{"embeddable":true,"href":"https:\/\/horokorva.fi\/index.php\/wp-json\/wp\/v2\/users\/1"}],"replies":[{"embeddable":true,"href":"https:\/\/horokorva.fi\/index.php\/wp-json\/wp\/v2\/comments?post=681"}],"version-history":[{"count":15,"href":"https:\/\/horokorva.fi\/index.php\/wp-json\/wp\/v2\/pages\/681\/revisions"}],"predecessor-version":[{"id":994,"href":"https:\/\/horokorva.fi\/index.php\/wp-json\/wp\/v2\/pages\/681\/revisions\/994"}],"wp:attachment":[{"href":"https:\/\/horokorva.fi\/index.php\/wp-json\/wp\/v2\/media?parent=681"}],"curies":[{"name":"wp","href":"https:\/\/api.w.org\/{rel}","templated":true}]}}