{"id":699,"date":"2025-05-01T16:50:25","date_gmt":"2025-05-01T16:50:25","guid":{"rendered":"https:\/\/horokorva.fi\/?page_id=699"},"modified":"2026-04-15T11:15:44","modified_gmt":"2026-04-15T11:15:44","slug":"pentuinfo","status":"publish","type":"page","link":"https:\/\/horokorva.fi\/index.php\/pentuinfo\/","title":{"rendered":"Pentuinfo"},"content":{"rendered":"\n<h2 class=\"wp-block-heading has-text-align-center\"><strong>Kissalan pentuinfo<\/strong><\/h2>\n\n\n\n<p><\/p>\n\n\n\n<p style=\"font-size:15px\">Ajoittain meill\u00e4 on pentuja varattavissa. Emme kuitenkaan pid\u00e4 mit\u00e4\u00e4n jonotuslistaa, eli jos olet kiinnostunut pennusta, seuraile (some)sivuja, p\u00e4ivit\u00e4mme infoa pennuista ja suunnitelmista aktiivisesti. Et my\u00f6sk\u00e4\u00e4n voi olla &#8221;Liian ajoissa yhteydenottosi kanssa, saa kysell\u00e4, vaikka pentuja ei edes olisi viel\u00e4 tuloillaan!<\/p>\n\n\n\n<h5 class=\"wp-block-heading has-medium-font-size\"><strong>FI*H\u00f6r\u00f6korva -pennut luovutetaan:<\/strong><\/h5>\n\n\n\n<ul class=\"wp-block-list\">\n<li style=\"font-size:15px\">Aikaisintaan 16 viikon i\u00e4ss\u00e4<\/li>\n\n\n\n<li style=\"font-size:15px\">Rekister\u00f6ityn\u00e4 Suomen Kissaliittoon (FIFe)<\/li>\n\n\n\n<li style=\"font-size:15px\">Mikrosirutettuina<\/li>\n\n\n\n<li style=\"font-size:15px\">Kahdesti rokotettuina<\/li>\n\n\n\n<li style=\"font-size:15px\">El\u00e4inl\u00e4\u00e4k\u00e4rin tarkastamina<\/li>\n\n\n\n<li style=\"font-size:15px\">Ensisijaisesti lemmikkikoteihin perheenj\u00e4seneksi<\/li>\n\n\n\n<li style=\"font-size:15px\">Ei ainoaksi kissaksi<\/li>\n\n\n\n<li style=\"font-size:15px\">Ei vapaana ulkoilevaksi! Kissan ulkoiluttaminen on mahdollista ulkotarhassa tai valjaissa.<\/li>\n\n\n\n<li style=\"font-size:15px\">Madotamme pennut ainoastaan tarpeen mukaan. Ennen ensimm\u00e4ist\u00e4 rokotusta l\u00e4het\u00e4mme ulosten\u00e4ytteen el\u00e4inlaboratorio Movetiin tutkittavaksi. Emme madota turhaan, mik\u00e4li pentueella ei ole todettu n\u00e4ytteess\u00e4 tarvetta madotukseen.&nbsp;<\/li>\n<\/ul>\n\n\n\n<p style=\"font-size:15px\">Mukaansa pennut saavat rekisterikirjan, kirjalliset ja suulliset hoito-ohjeet, pentupakkauksen, oman tutun viltin ja kasvattajan tuen kaikissa tilanteissa. Halutessaan uusi koti saa my\u00f6s vuoden j\u00e4senyyden Bajavaan tai Pirokiin. <\/p>\n\n\n\n<p><\/p>\n\n\n<div class=\"wp-block-image\">\n<figure class=\"aligncenter size-large is-resized\"><img loading=\"lazy\" decoding=\"async\" width=\"1024\" height=\"731\" src=\"https:\/\/horokorva.fi\/wp-content\/uploads\/2025\/05\/pentuinfo-1024x731.jpg\" alt=\"\" class=\"wp-image-707\" style=\"width:396px;height:auto\" srcset=\"https:\/\/horokorva.fi\/wp-content\/uploads\/2025\/05\/pentuinfo-1024x731.jpg 1024w, https:\/\/horokorva.fi\/wp-content\/uploads\/2025\/05\/pentuinfo-300x214.jpg 300w, https:\/\/horokorva.fi\/wp-content\/uploads\/2025\/05\/pentuinfo-768x548.jpg 768w, https:\/\/horokorva.fi\/wp-content\/uploads\/2025\/05\/pentuinfo-1536x1097.jpg 1536w, https:\/\/horokorva.fi\/wp-content\/uploads\/2025\/05\/pentuinfo.jpg 1920w\" sizes=\"auto, (max-width: 1024px) 100vw, 1024px\" \/><figcaption class=\"wp-element-caption\">(C) Virpi Rannikko<\/figcaption><\/figure>\n<\/div>\n\n\n<p style=\"font-size:15px\">Emme varaa pentuja ilman kotiehdokkaiden tapaamista. Yleisimmin tapaamme kotiehdokkaita ensimm\u00e4isen kerran pentujen ollessa 7-10 viikon i\u00e4ss\u00e4.<\/p>\n\n\n\n<p class=\"has-text-align-center\" style=\"font-size:15px\">Haluamme mielell\u00e4mme my\u00f6s kuulla pennun kuulumisia, seurata kasvua ja kehityst\u00e4, eli jonkinmoinen yhteydenpito olisi suotavaa. Tietenk\u00e4\u00e4n emme halua h\u00e4irit\u00e4 normaalia el\u00e4m\u00e4\u00e4 tai arkea, mutta kuulumiset ja esimerkiksi kuva silloin t\u00e4ll\u00f6in ovat eritt\u00e4in tervetulleita!<\/p>\n","protected":false},"excerpt":{"rendered":"<p>Kissalan pentuinfo Ajoittain meill\u00e4 on pentuja varattavissa. Emme kuitenkaan pid\u00e4 mit\u00e4\u00e4n jonotuslistaa, eli jos olet kiinnostunut pennusta, seuraile (some)sivuja, p\u00e4ivit\u00e4mme infoa pennuista ja suunnitelmista aktiivisesti. Et my\u00f6sk\u00e4\u00e4n voi olla &#8221;Liian ajoissa yhteydenottosi kanssa, saa kysell\u00e4, vaikka pentuja ei edes olisi viel\u00e4 tuloillaan! FI*H\u00f6r\u00f6korva -pennut luovutetaan: Mukaansa pennut saavat rekisterikirjan, kirjalliset ja suulliset hoito-ohjeet, pentupakkauksen, oman&#8230;<\/p>\n","protected":false},"author":1,"featured_media":0,"parent":0,"menu_order":0,"comment_status":"closed","ping_status":"closed","template":"","meta":{"_kad_post_transparent":"","_kad_post_title":"","_kad_post_layout":"narrow","_kad_post_sidebar_id":"","_kad_post_content_style":"","_kad_post_vertical_padding":"","_kad_post_feature":"","_kad_post_feature_position":"","_kad_post_header":false,"_kad_post_footer":false,"_kad_post_classname":"","footnotes":""},"class_list":["post-699","page","type-page","status-publish","hentry"],"_links":{"self":[{"href":"https:\/\/horokorva.fi\/index.php\/wp-json\/wp\/v2\/pages\/699","targetHints":{"allow":["GET"]}}],"collection":[{"href":"https:\/\/horokorva.fi\/index.php\/wp-json\/wp\/v2\/pages"}],"about":[{"href":"https:\/\/horokorva.fi\/index.php\/wp-json\/wp\/v2\/types\/page"}],"author":[{"embeddable":true,"href":"https:\/\/horokorva.fi\/index.php\/wp-json\/wp\/v2\/users\/1"}],"replies":[{"embeddable":true,"href":"https:\/\/horokorva.fi\/index.php\/wp-json\/wp\/v2\/comments?post=699"}],"version-history":[{"count":11,"href":"https:\/\/horokorva.fi\/index.php\/wp-json\/wp\/v2\/pages\/699\/revisions"}],"predecessor-version":[{"id":1395,"href":"https:\/\/horokorva.fi\/index.php\/wp-json\/wp\/v2\/pages\/699\/revisions\/1395"}],"wp:attachment":[{"href":"https:\/\/horokorva.fi\/index.php\/wp-json\/wp\/v2\/media?parent=699"}],"curies":[{"name":"wp","href":"https:\/\/api.w.org\/{rel}","templated":true}]}}