{"id":904,"date":"2025-05-02T09:29:31","date_gmt":"2025-05-02T09:29:31","guid":{"rendered":"https:\/\/horokorva.fi\/?page_id=904"},"modified":"2026-04-17T08:37:18","modified_gmt":"2026-04-17T08:37:18","slug":"suunnitelmissa","status":"publish","type":"page","link":"https:\/\/horokorva.fi\/index.php\/suunnitelmissa\/","title":{"rendered":"Suunnitelmissa"},"content":{"rendered":"\n<h2 class=\"wp-block-heading has-text-align-center\"><strong>Suunnitelmissa<\/strong><\/h2>\n\n\n\n<p><\/p>\n\n\n\n<p class=\"has-text-align-center\" style=\"margin-top:var(--wp--preset--spacing--20);margin-bottom:var(--wp--preset--spacing--20);font-size:15px\">Tulevaisuuteen suunnittelemme seuraavia yhdistelmi\u00e4:<\/p>\n\n\n\n<p class=\"has-text-align-center has-medium-font-size\"><br><br><strong>SE* Alchemillas Elira, BAL o 21, &#8221;<a href=\"https:\/\/horokorva.fi\/index.php\/elli\/\" data-type=\"page\" data-id=\"499\">Elli<\/a>&#8221;<\/strong><br><strong>&amp;<br>?<\/strong><\/p>\n\n\n\n<hr class=\"wp-block-separator has-alpha-channel-opacity\"\/>\n\n\n\n<p class=\"has-text-align-center has-medium-font-size\"><br><strong>FI* H\u00f6r\u00f6korva -Inga, OSH o 25 var, <a href=\"https:\/\/horokorva.fi\/index.php\/inga\/\" data-type=\"page\" data-id=\"501\">&#8221;Inga&#8221;<\/a><br>&amp;<br>?<\/strong><\/p>\n\n\n\n\n\n\n\n\n\n<hr class=\"wp-block-separator has-alpha-channel-opacity\"\/>\n\n\n\n<p class=\"has-text-align-center has-medium-font-size\"><br><strong>FI* H\u00f6r\u00f6korva -Melinda, SIA d var, <a href=\"https:\/\/horokorva.fi\/index.php\/melli\/\" data-type=\"page\" data-id=\"1062\">&#8221;Melli&#8221;<\/a><br>&amp;<br>FI* Sungain Sun King, OLH d 24, <a href=\"https:\/\/horokorva.fi\/index.php\/sisu\/\" data-type=\"page\" data-id=\"1353\">&#8221;Sisu&#8221;<\/a><\/strong><\/p>\n\n\n\n<hr class=\"wp-block-separator has-alpha-channel-opacity\"\/>\n\n\n\n<p><\/p>\n\n\n\n\n\n<p class=\"has-text-align-center\" style=\"margin-top:var(--wp--preset--spacing--20);margin-bottom:var(--wp--preset--spacing--20);font-size:15px\"><\/p>\n\n\n\n<p><\/p>\n","protected":false},"excerpt":{"rendered":"<p>Suunnitelmissa Tulevaisuuteen suunnittelemme seuraavia yhdistelmi\u00e4: SE* Alchemillas Elira, BAL o 21, &#8221;Elli&#8221;&amp;? FI* H\u00f6r\u00f6korva -Inga, OSH o 25 var, &#8221;Inga&#8221;&amp;? FI* H\u00f6r\u00f6korva -Melinda, SIA d var, &#8221;Melli&#8221;&amp;FI* Sungain Sun King, OLH d 24, &#8221;Sisu&#8221;<\/p>\n","protected":false},"author":1,"featured_media":0,"parent":0,"menu_order":0,"comment_status":"closed","ping_status":"closed","template":"","meta":{"_kad_post_transparent":"","_kad_post_title":"","_kad_post_layout":"narrow","_kad_post_sidebar_id":"","_kad_post_content_style":"","_kad_post_vertical_padding":"","_kad_post_feature":"","_kad_post_feature_position":"","_kad_post_header":false,"_kad_post_footer":false,"_kad_post_classname":"","footnotes":""},"class_list":["post-904","page","type-page","status-publish","hentry"],"_links":{"self":[{"href":"https:\/\/horokorva.fi\/index.php\/wp-json\/wp\/v2\/pages\/904","targetHints":{"allow":["GET"]}}],"collection":[{"href":"https:\/\/horokorva.fi\/index.php\/wp-json\/wp\/v2\/pages"}],"about":[{"href":"https:\/\/horokorva.fi\/index.php\/wp-json\/wp\/v2\/types\/page"}],"author":[{"embeddable":true,"href":"https:\/\/horokorva.fi\/index.php\/wp-json\/wp\/v2\/users\/1"}],"replies":[{"embeddable":true,"href":"https:\/\/horokorva.fi\/index.php\/wp-json\/wp\/v2\/comments?post=904"}],"version-history":[{"count":17,"href":"https:\/\/horokorva.fi\/index.php\/wp-json\/wp\/v2\/pages\/904\/revisions"}],"predecessor-version":[{"id":1402,"href":"https:\/\/horokorva.fi\/index.php\/wp-json\/wp\/v2\/pages\/904\/revisions\/1402"}],"wp:attachment":[{"href":"https:\/\/horokorva.fi\/index.php\/wp-json\/wp\/v2\/media?parent=904"}],"curies":[{"name":"wp","href":"https:\/\/api.w.org\/{rel}","templated":true}]}}